{"id":728,"date":"2026-03-20T10:57:32","date_gmt":"2026-03-20T10:57:32","guid":{"rendered":"https:\/\/demo.worimex.com\/?page_id=728"},"modified":"2026-03-23T22:34:34","modified_gmt":"2026-03-23T22:34:34","slug":"technical-documentation","status":"publish","type":"page","link":"https:\/\/demo.worimex.com\/en\/technical-documentation\/","title":{"rendered":"Technical Documentation"},"content":{"rendered":"<div class=\"wpb-content-wrapper\"><div data-vc-full-width=\"true\" data-vc-full-width-temp=\"true\" data-vc-full-width-init=\"false\" data-vc-stretch-content=\"true\" class=\"vc_row wpb_row vc_row-fluid vc_custom_1773730528204 vc_row-no-padding wd-rs-69b8fadae2bb4\"><div class=\"wpb_column vc_column_container vc_col-sm-12\"><div class=\"vc_column-inner\"><div class=\"wpb_wrapper\">\n\t<div class=\"wpb_raw_code wpb_raw_html wpb_content_element vc_custom_1774305269572\" >\n\t\t<div class=\"wpb_wrapper\">\n\t\t\t<section style=\"padding-top: 108px; position: relative; overflow: hidden; min-height: 480px; display: flex; flex-direction: column;\">\n  <div style=\"position: absolute; inset: 0px; z-index: 0;\">\n    <img decoding=\"async\" src=\"https:\/\/images.unsplash.com\/photo-1690613139174-5074641eaa0b?crop=entropy&amp;cs=tinysrgb&amp;fit=max&amp;fm=jpg&amp;ixid=M3w3Nzg4Nzd8MHwxfHNlYXJjaHwxfHxjaW5lbWF0aWMlMjBpbmR1c3RyaWFsJTIwZW5naW5lZXJpbmclMjBmYWNpbGl0eSUyMHBhbm9yYW1pY3xlbnwxfHx8fDE3NzI3MjM0NTN8MA&amp;ixlib=rb-4.1.0&amp;q=80&amp;w=1080\" alt=\"Worimex industrial campus\" style=\"width: 100%; height: 100%; object-fit: cover; display: block;\">\n    <div style=\"position: absolute; inset: 0px; background: linear-gradient(rgba(0, 0, 0, 0.52) 0%, rgba(0, 0, 0, 0.66) 100%);\"><\/div>\n  <\/div>\n  <div style=\"position: relative; z-index: 1; max-width: 1280px; margin: 0px auto; width: 100%; padding: 56px 48px 72px; flex: 1 1 0%; display: flex; flex-direction: column; justify-content: center;\">\n    <div style=\"display: flex; align-items: center; gap: 10px; margin-bottom: 24px;\">\n      <div style=\"width: 28px; height: 1px; background: rgb(255, 210, 0); flex-shrink: 0;\"><\/div>\n      <span style=\"font-size: 10px; font-weight: 500; color: rgba(255, 255, 255, 0.55); letter-spacing: 0.18em; text-transform: uppercase;\">MARKALAR \/ KAYNAKLAR<\/span>\n    <\/div>\n    <h1 style=\"font-size: 48px; font-weight: 300; color: rgb(255, 255, 255); letter-spacing: -0.035em; line-height: 1.08; margin: 0px 0px 28px; max-width: 700px;\">Technical Documentation<\/h1>\n    <div style=\"width: 40px; height: 2px; background: rgb(255, 210, 0); margin-bottom: 24px;\"><\/div>\n    <p style=\"font-size: 17px; font-weight: 400; color: rgba(255, 255, 255, 0.72); letter-spacing: 0.005em; line-height: 1.7; margin: 0px; max-width: 560px;\">Teknik dok\u00fcmantasyon yap\u0131s\u0131; \u00fcr\u00fcn uygunlu\u011fu, m\u00fchendislik do\u011frulamas\u0131 ve saha uygulamalar\u0131n\u0131 destekleyen belge setlerini kapsar.<\/p>\n  <\/div>\n<\/section>\n\t\t<\/div>\n\t<\/div>\n<\/div><\/div><\/div><\/div><div class=\"vc_row-full-width vc_clearfix\"><\/div><div class=\"vc_row wpb_row vc_row-fluid vc_custom_1774003560956 wd-rs-69bd2561b6fc2\"><div class=\"wpb_column vc_column_container vc_col-sm-12\"><div class=\"vc_column-inner\"><div class=\"wpb_wrapper\">\n\t<div class=\"wpb_raw_code wpb_raw_html wpb_content_element\" >\n\t\t<div class=\"wpb_wrapper\">\n\t\t\t<div style=\"max-width: 1280px; margin: 0px auto; padding-left: 48px; padding-right: 48px;\"><div style=\"display: flex; align-items: center; gap: 10px; margin-bottom: 18px;\"><div style=\"width: 24px; height: 1px; background: rgb(255, 210, 0); flex-shrink: 0;\"><\/div><span style=\"font-size: 10px; font-weight: 600; color: rgb(160, 160, 168); letter-spacing: 0.16em; text-transform: uppercase;\">BELGE MERKEZ\u0130<\/span><\/div><h2 style=\"font-size: 28px; font-weight: 300; color: rgb(17, 17, 17); letter-spacing: -0.03em; line-height: 1.2; margin: 0px 0px 12px;\">Dok\u00fcmantasyon Yap\u0131s\u0131<\/h2><div style=\"width: 32px; height: 2px; background: rgb(255, 210, 0); margin-bottom: 48px;\"><\/div><div class=\"br-doc-grid\" style=\"display: grid; grid-template-columns: repeat(2, 1fr); gap: 16px;\"><div style=\"display: flex; gap: 20px; padding: 28px 24px; background: rgb(250, 250, 250); border: 1px solid rgb(236, 236, 240); opacity: 1; transform: translateY(0px); transition: opacity 0.6s, transform 0.6s;\"><div style=\"width: 48px; height: 48px; flex-shrink: 0; background: rgb(10, 10, 10); display: flex; align-items: center; justify-content: center;\"><svg width=\"20\" height=\"20\" viewbox=\"0 0 20 20\" fill=\"none\"><rect x=\"3\" y=\"2\" width=\"14\" height=\"16\" rx=\"1\" stroke=\"#FFD200\" stroke-width=\"1.2\"><\/rect><line x1=\"6\" y1=\"7\" x2=\"14\" y2=\"7\" stroke=\"#FFD200\" stroke-width=\"1\"><\/line><line x1=\"6\" y1=\"10\" x2=\"12\" y2=\"10\" stroke=\"#FFD200\" stroke-width=\"1\"><\/line><\/svg><\/div><div><div style=\"display: flex; align-items: center; gap: 8px; margin-bottom: 6px;\"><span style=\"font-size: 10px; font-weight: 700; color: rgb(255, 210, 0); letter-spacing: 0.06em;\">01<\/span><h3 style=\"font-size: 16px; font-weight: 500; color: rgb(17, 17, 17); letter-spacing: -0.02em; margin: 0px;\">Teknik F\u00f6yler<\/h3><\/div><p style=\"font-size: 13px; font-weight: 400; color: rgb(119, 119, 119); line-height: 1.65; margin: 0px;\">\u00dcr\u00fcn teknik \u00f6zellikleri, performans verileri ve m\u00fchendislik parametrelerini i\u00e7eren standart belge setleri.<\/p><\/div><\/div><div style=\"display: flex; gap: 20px; padding: 28px 24px; background: rgb(250, 250, 250); border: 1px solid rgb(236, 236, 240); opacity: 1; transform: translateY(0px); transition: opacity 0.6s 0.06s, transform 0.6s 0.06s;\"><div style=\"width: 48px; height: 48px; flex-shrink: 0; background: rgb(10, 10, 10); display: flex; align-items: center; justify-content: center;\"><svg width=\"20\" height=\"20\" viewbox=\"0 0 20 20\" fill=\"none\"><circle cx=\"10\" cy=\"10\" r=\"7\" stroke=\"#FFD200\" stroke-width=\"1.2\"><\/circle><path d=\"M7 10L9 12L13 8\" stroke=\"#FFD200\" stroke-width=\"1.2\" stroke-linecap=\"round\" stroke-linejoin=\"round\"><\/path><\/svg><\/div><div><div style=\"display: flex; align-items: center; gap: 8px; margin-bottom: 6px;\"><span style=\"font-size: 10px; font-weight: 700; color: rgb(255, 210, 0); letter-spacing: 0.06em;\">02<\/span><h3 style=\"font-size: 16px; font-weight: 500; color: rgb(17, 17, 17); letter-spacing: -0.02em; margin: 0px;\">Test Reports<\/h3><\/div><p style=\"font-size: 13px; font-weight: 400; color: rgb(119, 119, 119); line-height: 1.65; margin: 0px;\">Ba\u011f\u0131ms\u0131z laboratuvar testleri, dayan\u0131kl\u0131l\u0131k analizleri ve performans do\u011frulama raporlar\u0131.<\/p><\/div><\/div><div style=\"display: flex; gap: 20px; padding: 28px 24px; background: rgb(250, 250, 250); border: 1px solid rgb(236, 236, 240); opacity: 1; transform: translateY(0px); transition: opacity 0.6s 0.12s, transform 0.6s 0.12s;\"><div style=\"width: 48px; height: 48px; flex-shrink: 0; background: rgb(10, 10, 10); display: flex; align-items: center; justify-content: center;\"><svg width=\"20\" height=\"20\" viewbox=\"0 0 20 20\" fill=\"none\"><path d=\"M10 2L12.5 7H17.5L13.5 10.5L15 16L10 13L5 16L6.5 10.5L2.5 7H7.5L10 2Z\" stroke=\"#FFD200\" stroke-width=\"1.2\" stroke-linejoin=\"round\"><\/path><\/svg><\/div><div><div style=\"display: flex; align-items: center; gap: 8px; margin-bottom: 6px;\"><span style=\"font-size: 10px; font-weight: 700; color: rgb(255, 210, 0); letter-spacing: 0.06em;\">03<\/span><h3 style=\"font-size: 16px; font-weight: 500; color: rgb(17, 17, 17); letter-spacing: -0.02em; margin: 0px;\">Uygunluk Belgeleri<\/h3><\/div><p style=\"font-size: 13px; font-weight: 400; color: rgb(119, 119, 119); line-height: 1.65; margin: 0px;\">CE, EN standartlar\u0131 ve sekt\u00f6rel uyumluluk belgelerini kapsayan sertifikasyon yap\u0131s\u0131.<\/p><\/div><\/div><div style=\"display: flex; gap: 20px; padding: 28px 24px; background: rgb(250, 250, 250); border: 1px solid rgb(236, 236, 240); opacity: 1; transform: translateY(0px); transition: opacity 0.6s 0.18s, transform 0.6s 0.18s;\"><div style=\"width: 48px; height: 48px; flex-shrink: 0; background: rgb(10, 10, 10); display: flex; align-items: center; justify-content: center;\"><svg width=\"20\" height=\"20\" viewbox=\"0 0 20 20\" fill=\"none\"><path d=\"M12 2L8 10H14L8 18\" stroke=\"#FFD200\" stroke-width=\"1.2\" stroke-linecap=\"round\" stroke-linejoin=\"round\"><\/path><\/svg><\/div><div><div style=\"display: flex; align-items: center; gap: 8px; margin-bottom: 6px;\"><span style=\"font-size: 10px; font-weight: 700; color: rgb(255, 210, 0); letter-spacing: 0.06em;\">04<\/span><h3 style=\"font-size: 16px; font-weight: 500; color: rgb(17, 17, 17); letter-spacing: -0.02em; margin: 0px;\">Kullan\u0131m ve Servis Dok\u00fcmanlar\u0131<\/h3><\/div><p style=\"font-size: 13px; font-weight: 400; color: rgb(119, 119, 119); line-height: 1.65; margin: 0px;\">Montaj k\u0131lavuzlar\u0131, bak\u0131m prosed\u00fcrleri ve servis referans belgeleri.<\/p><\/div><\/div><div style=\"display: flex; gap: 20px; padding: 28px 24px; background: rgb(250, 250, 250); border: 1px solid rgb(236, 236, 240); opacity: 1; transform: translateY(0px); transition: opacity 0.6s 0.24s, transform 0.6s 0.24s;\"><div style=\"width: 48px; height: 48px; flex-shrink: 0; background: rgb(10, 10, 10); display: flex; align-items: center; justify-content: center;\"><svg width=\"20\" height=\"20\" viewbox=\"0 0 20 20\" fill=\"none\"><rect x=\"3\" y=\"4\" width=\"6\" height=\"6\" rx=\"1\" stroke=\"#FFD200\" stroke-width=\"1.2\"><\/rect><rect x=\"11\" y=\"4\" width=\"6\" height=\"6\" rx=\"1\" stroke=\"#FFD200\" stroke-width=\"1.2\"><\/rect><rect x=\"3\" y=\"12\" width=\"14\" height=\"4\" rx=\"1\" stroke=\"#FFD200\" stroke-width=\"1.2\"><\/rect><\/svg><\/div><div><div style=\"display: flex; align-items: center; gap: 8px; margin-bottom: 6px;\"><span style=\"font-size: 10px; font-weight: 700; color: rgb(255, 210, 0); letter-spacing: 0.06em;\">05<\/span><h3 style=\"font-size: 16px; font-weight: 500; color: rgb(17, 17, 17); letter-spacing: -0.02em; margin: 0px;\">Uygulama Referanslar\u0131<\/h3><\/div><p style=\"font-size: 13px; font-weight: 400; color: rgb(119, 119, 119); line-height: 1.65; margin: 0px;\">Saha uygulamalar\u0131, sistem entegrasyon \u00f6rnekleri ve m\u00fchendislik vaka \u00e7al\u0131\u015fmalar\u0131.<\/p><\/div><\/div><\/div><style>@media (max-width: 700px) { .br-doc-grid { grid-template-columns: 1fr !important; } }<\/style><\/div>\n\t\t<\/div>\n\t<\/div>\n<\/div><\/div><\/div><\/div><div data-vc-full-width=\"true\" data-vc-full-width-temp=\"true\" data-vc-full-width-init=\"false\" class=\"vc_row wpb_row vc_row-fluid vc_custom_1774004325386 vc_row-has-fill wd-rs-69bd2861dba7d\"><div class=\"wpb_column vc_column_container vc_col-sm-12\"><div class=\"vc_column-inner\"><div class=\"wpb_wrapper\">\n\t<div class=\"wpb_raw_code wpb_raw_html wpb_content_element\" >\n\t\t<div class=\"wpb_wrapper\">\n\t\t\t<div style=\"max-width: 1280px; margin: 0px auto; padding-left: 48px; padding-right: 48px; text-align: center;\"><div style=\"display: flex; align-items: center; gap: 10px; margin-bottom: 18px;\"><div style=\"width: 24px; height: 1px; background: rgb(255, 210, 0); flex-shrink: 0;\"><\/div><span style=\"font-size: 10px; font-weight: 600; color: rgba(255, 255, 255, 0.4); letter-spacing: 0.16em; text-transform: uppercase;\">DURUM<\/span><\/div><p style=\"font-size: 16px; font-weight: 400; color: rgba(255, 255, 255, 0.45); line-height: 1.75; max-width: 560px; margin: 0px auto 20px;\">Bu yap\u0131, \u00fcr\u00fcnlerin yaln\u0131zca teknik performans\u0131n\u0131 de\u011fil; izlenebilirlik, do\u011frulama ve sistem i\u00e7i kullan\u0131m b\u00fct\u00fcnl\u00fc\u011f\u00fcn\u00fc de destekler.<\/p><div style=\"display: inline-flex; align-items: center; gap: 8px; padding: 10px 20px; background: rgba(255, 255, 255, 0.04); border: 1px solid rgba(255, 255, 255, 0.08);\"><div style=\"width: 6px; height: 6px; border-radius: 50%; background: rgb(255, 210, 0);\"><\/div><span style=\"font-size: 11px; font-weight: 500; color: rgba(255, 255, 255, 0.5); letter-spacing: 0.04em;\">Belge merkezi haz\u0131rl\u0131k a\u015famas\u0131ndad\u0131r.<\/span><\/div><\/div>\n\t\t<\/div>\n\t<\/div>\n<\/div><\/div><\/div><\/div><div class=\"vc_row-full-width vc_clearfix\"><\/div><div data-vc-full-width=\"true\" data-vc-full-width-temp=\"true\" data-vc-full-width-init=\"false\" class=\"vc_row wpb_row vc_row-fluid vc_custom_1774004347651 vc_row-has-fill wd-rs-69bd287984d70\"><div class=\"wpb_column vc_column_container vc_col-sm-12\"><div class=\"vc_column-inner\"><div class=\"wpb_wrapper\">\n\t<div class=\"wpb_raw_code wpb_raw_html wpb_content_element\" >\n\t\t<div class=\"wpb_wrapper\">\n\t\t\t<div class=\"wmx-other-resource-links\">\r\n  <div class=\"wmx-other-resource-links-container\">\r\n    <div class=\"wmx-other-resource-links-label\">\r\n      <div class=\"wmx-other-resource-links-label-line\"><\/div>\r\n      <span>D\u0130\u011eER KAYNAKLAR<\/span>\r\n    <\/div>\r\n\r\n    <div class=\"wmx-other-resource-links-grid\">\r\n      <a href=\"\/en\/official-websites\/\" data-discover=\"true\" class=\"wmx-other-resource-links-card\">\r\n        <span class=\"wmx-other-resource-links-card-text\">Resmi Marka Siteleri<\/span>\r\n        <span class=\"wmx-other-resource-links-card-icon\">\r\n          <svg width=\"14\" height=\"14\" viewbox=\"0 0 14 14\" fill=\"none\" aria-hidden=\"true\">\r\n            <path d=\"M3 7H11M8 4L11 7L8 10\" stroke=\"currentColor\" stroke-width=\"1.2\" stroke-linecap=\"round\" stroke-linejoin=\"round\"><\/path>\r\n          <\/svg>\r\n        <\/span>\r\n      <\/a>\r\n\r\n      <a href=\"\/en\/brand-guidelines\/\" data-discover=\"true\" class=\"wmx-other-resource-links-card\">\r\n        <span class=\"wmx-other-resource-links-card-text\">Brand Identity &amp; Guidelines<\/span>\r\n        <span class=\"wmx-other-resource-links-card-icon\">\r\n          <svg width=\"14\" height=\"14\" viewbox=\"0 0 14 14\" fill=\"none\" aria-hidden=\"true\">\r\n            <path d=\"M3 7H11M8 4L11 7L8 10\" stroke=\"currentColor\" stroke-width=\"1.2\" stroke-linecap=\"round\" stroke-linejoin=\"round\"><\/path>\r\n          <\/svg>\r\n        <\/span>\r\n      <\/a>\r\n\r\n      <a href=\"\/en\/catalogues\/\" data-discover=\"true\" class=\"wmx-other-resource-links-card\">\r\n        <span class=\"wmx-other-resource-links-card-text\">Product Catalogs<\/span>\r\n        <span class=\"wmx-other-resource-links-card-icon\">\r\n          <svg width=\"14\" height=\"14\" viewbox=\"0 0 14 14\" fill=\"none\" aria-hidden=\"true\">\r\n            <path d=\"M3 7H11M8 4L11 7L8 10\" stroke=\"currentColor\" stroke-width=\"1.2\" stroke-linecap=\"round\" stroke-linejoin=\"round\"><\/path>\r\n          <\/svg>\r\n        <\/span>\r\n      <\/a>\r\n    <\/div>\r\n  <\/div>\r\n\r\n  <style>\r\n    .wmx-other-resource-links{\r\n      width: 100%;\r\n      background: #ffffff;\r\n    }\r\n\r\n    .wmx-other-resource-links-container{\r\n      max-width: 1280px;\r\n      margin: 0 auto;\r\n      padding-left: 48px;\r\n      padding-right: 48px;\r\n      box-sizing: border-box;\r\n    }\r\n\r\n    .wmx-other-resource-links-label{\r\n      display: flex;\r\n      align-items: center;\r\n      gap: 10px;\r\n      margin-bottom: 18px;\r\n    }\r\n\r\n    .wmx-other-resource-links-label-line{\r\n      width: 24px;\r\n      height: 1px;\r\n      background: rgb(255, 210, 0);\r\n      flex-shrink: 0;\r\n    }\r\n\r\n    .wmx-other-resource-links-label span{\r\n      font-size: 10px;\r\n      font-weight: 600;\r\n      color: rgb(160, 160, 168);\r\n      letter-spacing: 0.16em;\r\n      text-transform: uppercase;\r\n      line-height: 1;\r\n    }\r\n\r\n    .wmx-other-resource-links-grid{\r\n      display: grid;\r\n      grid-template-columns: repeat(3, minmax(0, 1fr));\r\n      gap: 10px;\r\n      margin-top: 4px;\r\n    }\r\n\r\n    .wmx-other-resource-links-card{\r\n      display: flex;\r\n      align-items: center;\r\n      justify-content: space-between;\r\n      gap: 14px;\r\n      padding: 16px 18px;\r\n      background: rgb(250, 250, 250);\r\n      border: 1px solid rgb(236, 236, 240);\r\n      text-decoration: none;\r\n      color: inherit;\r\n      transition: border-color 0.2s ease, background 0.2s ease, transform 0.2s ease;\r\n      box-sizing: border-box;\r\n      min-width: 0;\r\n    }\r\n\r\n    .wmx-other-resource-links-card-text{\r\n      font-size: 13px;\r\n      font-weight: 500;\r\n      color: rgb(85, 85, 85);\r\n      transition: color 0.2s ease;\r\n      line-height: 1.45;\r\n      min-width: 0;\r\n    }\r\n\r\n    .wmx-other-resource-links-card-icon{\r\n      color: #CCC;\r\n      flex-shrink: 0;\r\n      display: inline-flex;\r\n      align-items: center;\r\n      justify-content: center;\r\n      transition: color 0.2s ease, transform 0.2s ease;\r\n    }\r\n\r\n    .wmx-other-resource-links-card:hover{\r\n      border-color: rgba(255, 210, 0, 0.45);\r\n      background: #ffffff;\r\n      transform: translateY(-1px);\r\n    }\r\n\r\n    .wmx-other-resource-links-card:hover .wmx-other-resource-links-card-text{\r\n      color: rgb(17, 17, 17);\r\n    }\r\n\r\n    .wmx-other-resource-links-card:hover .wmx-other-resource-links-card-icon{\r\n      color: rgb(255, 210, 0);\r\n      transform: translateX(2px);\r\n    }\r\n\r\n    @media (max-width: 991px){\r\n      .wmx-other-resource-links-container{\r\n        padding-left: 28px;\r\n        padding-right: 28px;\r\n      }\r\n\r\n      .wmx-other-resource-links-grid{\r\n        grid-template-columns: 1fr;\r\n      }\r\n    }\r\n\r\n    @media (max-width: 767px){\r\n      .wmx-other-resource-links-container{\r\n        padding-left: 20px;\r\n        padding-right: 20px;\r\n      }\r\n\r\n      .wmx-other-resource-links-label{\r\n        gap: 8px;\r\n        margin-bottom: 14px;\r\n      }\r\n\r\n      .wmx-other-resource-links-label-line{\r\n        width: 20px;\r\n      }\r\n\r\n      .wmx-other-resource-links-label span{\r\n        font-size: 9px;\r\n        letter-spacing: 0.14em;\r\n      }\r\n\r\n      .wmx-other-resource-links-grid{\r\n        gap: 8px;\r\n      }\r\n\r\n      .wmx-other-resource-links-card{\r\n        padding: 14px 14px;\r\n        gap: 10px;\r\n      }\r\n\r\n      .wmx-other-resource-links-card-text{\r\n        font-size: 12px;\r\n      }\r\n\r\n      .wmx-other-resource-links-card:hover{\r\n        transform: none;\r\n      }\r\n    }\r\n  <\/style>\r\n<\/div>\n\t\t<\/div>\n\t<\/div>\n<\/div><\/div><\/div><\/div><div class=\"vc_row-full-width vc_clearfix\"><\/div><div data-vc-full-width=\"true\" data-vc-full-width-temp=\"true\" data-vc-full-width-init=\"false\" class=\"vc_row wpb_row vc_row-fluid vc_custom_1774003599179 vc_row-has-fill wd-rs-69bd25885d149\"><div class=\"wpb_column vc_column_container vc_col-sm-12\"><div class=\"vc_column-inner\"><div class=\"wpb_wrapper\">\n\t<div class=\"wpb_raw_code wpb_raw_html wpb_content_element\" >\n\t\t<div class=\"wpb_wrapper\">\n\t\t\t<div class=\"wmx-related-structures\">\r\n  <div class=\"wmx-related-structures-container\">\r\n    <div class=\"wmx-related-structures-label\">\r\n      <div class=\"wmx-related-structures-label-line\"><\/div>\r\n      <span>\u0130L\u0130\u015eK\u0130L\u0130 YAPILAR<\/span>\r\n    <\/div>\r\n\r\n    <div class=\"wmx-related-structures-grid\">\r\n      <a href=\"\/en\/brands\/\" data-discover=\"true\" class=\"wmx-related-structures-card\">\r\n        <span class=\"wmx-related-structures-card-tag\">BRANDS<\/span>\r\n        <div class=\"wmx-related-structures-card-bottom\">\r\n          <span class=\"wmx-related-structures-card-title\">Brand Portfolio<\/span>\r\n          <span class=\"wmx-related-structures-card-icon\">\r\n            <svg width=\"14\" height=\"14\" viewbox=\"0 0 14 14\" fill=\"none\" aria-hidden=\"true\">\r\n              <path d=\"M3 7H11M8 4L11 7L8 10\" stroke=\"currentColor\" stroke-width=\"1.2\" stroke-linecap=\"round\" stroke-linejoin=\"round\"><\/path>\r\n            <\/svg>\r\n          <\/span>\r\n        <\/div>\r\n      <\/a>\r\n\r\n      <a href=\"\/en\/ecosystem\/\" data-discover=\"true\" class=\"wmx-related-structures-card\">\r\n        <span class=\"wmx-related-structures-card-tag\">PRODUCTS<\/span>\r\n        <div class=\"wmx-related-structures-card-bottom\">\r\n          <span class=\"wmx-related-structures-card-title\">\u00dcr\u00fcn Ekosistemi<\/span>\r\n          <span class=\"wmx-related-structures-card-icon\">\r\n            <svg width=\"14\" height=\"14\" viewbox=\"0 0 14 14\" fill=\"none\" aria-hidden=\"true\">\r\n              <path d=\"M3 7H11M8 4L11 7L8 10\" stroke=\"currentColor\" stroke-width=\"1.2\" stroke-linecap=\"round\" stroke-linejoin=\"round\"><\/path>\r\n            <\/svg>\r\n          <\/span>\r\n        <\/div>\r\n      <\/a>\r\n\r\n      <a href=\"\/en\/capabilities\/\" data-discover=\"true\" class=\"wmx-related-structures-card\">\r\n        <span class=\"wmx-related-structures-card-tag\">CAPABILITIES<\/span>\r\n        <div class=\"wmx-related-structures-card-bottom\">\r\n          <span class=\"wmx-related-structures-card-title\">Capabilities<\/span>\r\n          <span class=\"wmx-related-structures-card-icon\">\r\n            <svg width=\"14\" height=\"14\" viewbox=\"0 0 14 14\" fill=\"none\" aria-hidden=\"true\">\r\n              <path d=\"M3 7H11M8 4L11 7L8 10\" stroke=\"currentColor\" stroke-width=\"1.2\" stroke-linecap=\"round\" stroke-linejoin=\"round\"><\/path>\r\n            <\/svg>\r\n          <\/span>\r\n        <\/div>\r\n      <\/a>\r\n    <\/div>\r\n  <\/div>\r\n\r\n  <style>\r\n    .wmx-related-structures{\r\n      width: 100%;\r\n      opacity: 1;\r\n      transform: translateY(0);\r\n      transition: opacity 0.6s ease, transform 0.6s ease;\r\n    }\r\n\r\n    .wmx-related-structures-container{\r\n      max-width: 1280px;\r\n      margin: 0 auto;\r\n      padding-left: 48px;\r\n      padding-right: 48px;\r\n      box-sizing: border-box;\r\n    }\r\n\r\n    .wmx-related-structures-label{\r\n      display: flex;\r\n      align-items: center;\r\n      gap: 10px;\r\n      margin-bottom: 18px;\r\n    }\r\n\r\n    .wmx-related-structures-label-line{\r\n      width: 24px;\r\n      height: 1px;\r\n      background: rgb(255, 210, 0);\r\n      flex-shrink: 0;\r\n    }\r\n\r\n    .wmx-related-structures-label span{\r\n      font-size: 10px;\r\n      font-weight: 600;\r\n      color: rgb(160, 160, 168);\r\n      letter-spacing: 0.16em;\r\n      text-transform: uppercase;\r\n      line-height: 1;\r\n    }\r\n\r\n    .wmx-related-structures-grid{\r\n      display: grid;\r\n      grid-template-columns: repeat(3, minmax(0, 1fr));\r\n      gap: 12px;\r\n      margin-top: 8px;\r\n    }\r\n\r\n    .wmx-related-structures-card{\r\n      display: flex;\r\n      flex-direction: column;\r\n      justify-content: space-between;\r\n      padding: 22px 20px 18px;\r\n      background: rgb(255, 255, 255);\r\n      border: 1px solid rgb(236, 236, 240);\r\n      text-decoration: none;\r\n      color: inherit;\r\n      transition: border-color 0.3s ease, background 0.3s ease, transform 0.3s ease;\r\n      min-height: 100px;\r\n      box-sizing: border-box;\r\n    }\r\n\r\n    .wmx-related-structures-card-tag{\r\n      font-size: 9px;\r\n      font-weight: 700;\r\n      letter-spacing: 0.14em;\r\n      color: rgb(192, 192, 200);\r\n      transition: color 0.3s ease;\r\n      line-height: 1.4;\r\n      display: block;\r\n    }\r\n\r\n    .wmx-related-structures-card-bottom{\r\n      display: flex;\r\n      align-items: center;\r\n      justify-content: space-between;\r\n      gap: 12px;\r\n      min-width: 0;\r\n    }\r\n\r\n    .wmx-related-structures-card-title{\r\n      font-size: 15px;\r\n      font-weight: 500;\r\n      color: rgb(51, 51, 51);\r\n      transition: color 0.3s ease;\r\n      line-height: 1.45;\r\n      min-width: 0;\r\n    }\r\n\r\n    .wmx-related-structures-card-icon{\r\n      color: #CCC;\r\n      flex-shrink: 0;\r\n      display: inline-flex;\r\n      align-items: center;\r\n      justify-content: center;\r\n      transition: color 0.3s ease, transform 0.3s ease;\r\n    }\r\n\r\n    .wmx-related-structures-card:hover{\r\n      border-color: rgba(255, 210, 0, 0.45);\r\n      background: #ffffff;\r\n      transform: translateY(-2px);\r\n    }\r\n\r\n    .wmx-related-structures-card:hover .wmx-related-structures-card-tag{\r\n      color: rgb(255, 210, 0);\r\n    }\r\n\r\n    .wmx-related-structures-card:hover .wmx-related-structures-card-title{\r\n      color: rgb(17, 17, 17);\r\n    }\r\n\r\n    .wmx-related-structures-card:hover .wmx-related-structures-card-icon{\r\n      color: rgb(255, 210, 0);\r\n      transform: translateX(2px);\r\n    }\r\n\r\n    @media (max-width: 991px){\r\n      .wmx-related-structures-container{\r\n        padding-left: 28px;\r\n        padding-right: 28px;\r\n      }\r\n\r\n      .wmx-related-structures-grid{\r\n        grid-template-columns: 1fr;\r\n      }\r\n    }\r\n\r\n    @media (max-width: 767px){\r\n      .wmx-related-structures-container{\r\n        padding-left: 20px;\r\n        padding-right: 20px;\r\n      }\r\n\r\n      .wmx-related-structures-label{\r\n        gap: 8px;\r\n        margin-bottom: 14px;\r\n      }\r\n\r\n      .wmx-related-structures-label-line{\r\n        width: 20px;\r\n      }\r\n\r\n      .wmx-related-structures-label span{\r\n        font-size: 9px;\r\n        letter-spacing: 0.14em;\r\n      }\r\n\r\n      .wmx-related-structures-grid{\r\n        gap: 8px;\r\n      }\r\n\r\n      .wmx-related-structures-card{\r\n        padding: 18px 16px 16px;\r\n        min-height: 88px;\r\n      }\r\n\r\n      .wmx-related-structures-card-tag{\r\n        font-size: 8px;\r\n        letter-spacing: 0.12em;\r\n      }\r\n\r\n      .wmx-related-structures-card-title{\r\n        font-size: 14px;\r\n      }\r\n\r\n      .wmx-related-structures-card:hover{\r\n        transform: none;\r\n      }\r\n    }\r\n  <\/style>\r\n<\/div>\n\t\t<\/div>\n\t<\/div>\n<\/div><\/div><\/div><\/div><div class=\"vc_row-full-width vc_clearfix\"><\/div>\n<\/div>","protected":false},"excerpt":{"rendered":"MARKALAR \/ KAYNAKLAR Teknik Dok\u00fcmantasyon Teknik dok\u00fcmantasyon yap\u0131s\u0131; \u00fcr\u00fcn uygunlu\u011fu, m\u00fchendislik do\u011frulamas\u0131 ve saha uygulamalar\u0131n\u0131 destekleyen belge setlerini kapsar. BELGE","protected":false},"author":1,"featured_media":0,"parent":0,"menu_order":0,"comment_status":"closed","ping_status":"closed","template":"","meta":{"footnotes":""},"class_list":["post-728","page","type-page","status-publish","hentry"],"_links":{"self":[{"href":"https:\/\/demo.worimex.com\/en\/wp-json\/wp\/v2\/pages\/728","targetHints":{"allow":["GET"]}}],"collection":[{"href":"https:\/\/demo.worimex.com\/en\/wp-json\/wp\/v2\/pages"}],"about":[{"href":"https:\/\/demo.worimex.com\/en\/wp-json\/wp\/v2\/types\/page"}],"author":[{"embeddable":true,"href":"https:\/\/demo.worimex.com\/en\/wp-json\/wp\/v2\/users\/1"}],"replies":[{"embeddable":true,"href":"https:\/\/demo.worimex.com\/en\/wp-json\/wp\/v2\/comments?post=728"}],"version-history":[{"count":10,"href":"https:\/\/demo.worimex.com\/en\/wp-json\/wp\/v2\/pages\/728\/revisions"}],"predecessor-version":[{"id":1295,"href":"https:\/\/demo.worimex.com\/en\/wp-json\/wp\/v2\/pages\/728\/revisions\/1295"}],"wp:attachment":[{"href":"https:\/\/demo.worimex.com\/en\/wp-json\/wp\/v2\/media?parent=728"}],"curies":[{"name":"wp","href":"https:\/\/api.w.org\/{rel}","templated":true}]}}