{"id":1232,"date":"2026-03-23T20:17:08","date_gmt":"2026-03-23T20:17:08","guid":{"rendered":"https:\/\/demo.worimex.com\/?page_id=1232"},"modified":"2026-03-23T20:35:04","modified_gmt":"2026-03-23T20:35:04","slug":"contact","status":"publish","type":"page","link":"https:\/\/demo.worimex.com\/en\/contact\/","title":{"rendered":"Contact"},"content":{"rendered":"<div class=\"wpb-content-wrapper\"><div style=\"min-height: 918px\" data-vc-full-width=\"true\" data-vc-full-width-temp=\"true\" data-vc-full-width-init=\"false\" data-vc-stretch-content=\"true\" class=\"vc_row wpb_row vc_row-fluid vc_custom_1774298100133 vc_row-has-fill vc_row-no-padding vc_row-o-content-middle vc_row-flex wd-row-gradient-enable wd-rs-69c1a3b6832f9\"><div class=\"woodmart-row-gradient wd-fill\" style=\"background-image:linear-gradient(to top, rgba(0, 0, 0, 0.494) 47%);\"><\/div><div class=\"wpb_column vc_column_container vc_col-sm-12 wd-enabled-flex wd-rs-69c1a264eba10\"><div class=\"vc_column-inner vc_custom_1774297713941\"><div class=\"wpb_wrapper\">\n\t<div class=\"wpb_raw_code wpb_raw_html wpb_content_element\" >\n\t\t<div class=\"wpb_wrapper\">\n\t\t\t<div class=\"wmx-contact-hero-content\">\r\n  <div class=\"wmx-contact-hero-badge\">\r\n    <span>CONTACT US<\/span>\r\n  <\/div>\r\n\r\n  <h1>Contact Worimex.<\/h1>\r\n\r\n  <p>You can contact us for sales, partnerships, product ecosystem, documentation and corporate communication.<\/p>\r\n\r\n  <style>\r\n    .wmx-contact-hero-content{\r\n      position: relative;\r\n      z-index: 20;\r\n      max-width: 1200px;\r\n      margin: 0 auto;\r\n      padding-left: 24px;\r\n      padding-right: 24px;\r\n      text-align: center;\r\n      color: #ffffff;\r\n    }\r\n\r\n    .wmx-contact-hero-badge{\r\n      display: inline-block;\r\n      padding: 8px 16px;\r\n      margin-bottom: 24px;\r\n      border: 1px solid rgba(255, 210, 0, 0.30);\r\n      background: rgba(255, 210, 0, 0.10);\r\n      backdrop-filter: blur(10px);\r\n      -webkit-backdrop-filter: blur(10px);\r\n    }\r\n\r\n    .wmx-contact-hero-badge span{\r\n      font-size: 12px;\r\n      font-weight: 500;\r\n      letter-spacing: 0.15em;\r\n      color: #FFD200;\r\n      line-height: 1;\r\n      display: inline-block;\r\n    }\r\n\r\n    .wmx-contact-hero-content h1{\r\n      font-size: 40px;\r\n      font-weight: 300;\r\n      line-height: 1.2;\r\n      letter-spacing: -0.025em;\r\n      margin: 0 0 32px;\r\n      color: #ffffff;\r\n    }\r\n\r\n    .wmx-contact-hero-content p{\r\n      max-width: 700px;\r\n      margin: 0 auto;\r\n      font-size: 18px;\r\n      font-weight: 300;\r\n      line-height: 1.75;\r\n      color: rgba(255, 255, 255, 0.90);\r\n      letter-spacing: 0.003em;\r\n    }\r\n\r\n    @media (min-width: 768px){\r\n      .wmx-contact-hero-content{\r\n        padding-left: 48px;\r\n        padding-right: 48px;\r\n      }\r\n\r\n      .wmx-contact-hero-content h1{\r\n        font-size: 60px;\r\n      }\r\n\r\n      .wmx-contact-hero-content p{\r\n        font-size: 20px;\r\n      }\r\n    }\r\n\r\n    @media (max-width: 767px){\r\n      .wmx-contact-hero-content h1{\r\n        font-size: 32px;\r\n        margin-bottom: 24px;\r\n      }\r\n\r\n      .wmx-contact-hero-content p{\r\n        font-size: 16px;\r\n        line-height: 1.7;\r\n      }\r\n    }\r\n  <\/style>\r\n<\/div>\n\t\t<\/div>\n\t<\/div>\n<\/div><\/div><\/div><\/div><div class=\"vc_row-full-width vc_clearfix\"><\/div><div data-vc-full-width=\"true\" data-vc-full-width-temp=\"true\" data-vc-full-width-init=\"false\" data-vc-stretch-content=\"true\" class=\"vc_row wpb_row vc_row-fluid vc_custom_1774127956676 vc_row-no-padding wd-rs-69bf0b4bc63da\"><div class=\"wpb_column vc_column_container vc_col-sm-12\"><div class=\"vc_column-inner\"><div class=\"wpb_wrapper\">\n\t<div class=\"wpb_raw_code wpb_raw_html wpb_content_element\" >\n\t\t<div class=\"wpb_wrapper\">\n\t\t\t<div class=\"wmx-contact-channels\">\r\n  <div class=\"wmx-contact-channels-container\">\r\n    <h2>Communication Channels<\/h2>\r\n\r\n    <div class=\"wmx-contact-channels-grid\">\r\n      <div class=\"wmx-contact-channel-card\">\r\n        <div class=\"wmx-contact-channel-line\"><\/div>\r\n        <h3>General Communication<\/h3>\r\n        <a href=\"mailto:info@worimex.com\">info@worimex.com<\/a>\r\n        <p>For general inquiries and information requests<\/p>\r\n      <\/div>\r\n\r\n      <div class=\"wmx-contact-channel-card\">\r\n        <div class=\"wmx-contact-channel-line\"><\/div>\r\n        <h3>Sale<\/h3>\r\n        <a href=\"mailto:sales@worimex.com\">sales@worimex.com<\/a>\r\n        <p>OEM programs, product information and price offers<\/p>\r\n      <\/div>\r\n\r\n      <div class=\"wmx-contact-channel-card\">\r\n        <div class=\"wmx-contact-channel-line\"><\/div>\r\n        <h3>Brand &amp; Partnerships<\/h3>\r\n        <a href=\"mailto:partnership@worimex.com\">partnership@worimex.com<\/a>\r\n        <p>Strategic collaborations and brand management<\/p>\r\n      <\/div>\r\n\r\n      <div class=\"wmx-contact-channel-card\">\r\n        <div class=\"wmx-contact-channel-line\"><\/div>\r\n        <h3>Documentation<\/h3>\r\n        <a href=\"mailto:docs@worimex.com\">docs@worimex.com<\/a>\r\n        <p>Technical documents, certificates and reports<\/p>\r\n      <\/div>\r\n\r\n      <div class=\"wmx-contact-channel-card\">\r\n        <div class=\"wmx-contact-channel-line\"><\/div>\r\n        <h3>Corporate<\/h3>\r\n        <a href=\"mailto:corporate@worimex.com\">corporate@worimex.com<\/a>\r\n        <p>Corporate communication and media relations<\/p>\r\n      <\/div>\r\n    <\/div>\r\n  <\/div>\r\n\r\n  <style>\r\n    .wmx-contact-channels{\r\n      width: 100%;\r\n      background: #ffffff;\r\n    }\r\n\r\n    .wmx-contact-channels-container{\r\n      max-width: 1400px;\r\n      margin: 0 auto;\r\n      padding-left: 24px;\r\n      padding-right: 24px;\r\n    }\r\n\r\n    .wmx-contact-channels h2{\r\n      font-size: 32px;\r\n      font-weight: 300;\r\n      color: #111111;\r\n      line-height: 1.18;\r\n      letter-spacing: -0.025em;\r\n      margin: 0 0 64px;\r\n    }\r\n\r\n    .wmx-contact-channels-grid{\r\n      display: grid;\r\n      grid-template-columns: 1fr;\r\n      gap: 24px;\r\n    }\r\n\r\n    .wmx-contact-channel-card{\r\n      background: #FAFAFA;\r\n      border: 1px solid #E8E8ED;\r\n      padding: 32px;\r\n      transition: border-color 0.3s ease, transform 0.3s ease, box-shadow 0.3s ease;\r\n      box-sizing: border-box;\r\n    }\r\n\r\n    .wmx-contact-channel-line{\r\n      width: 32px;\r\n      height: 2px;\r\n      background: #FFD200;\r\n      margin-bottom: 16px;\r\n      transition: width 0.3s ease;\r\n    }\r\n\r\n    .wmx-contact-channel-card h3{\r\n      font-size: 20px;\r\n      font-weight: 500;\r\n      color: #111111;\r\n      line-height: 1.3;\r\n      margin: 0 0 12px;\r\n      letter-spacing: 0.01em;\r\n    }\r\n\r\n    .wmx-contact-channel-card a{\r\n      display: block;\r\n      font-size: 16px;\r\n      font-weight: 500;\r\n      color: #FFD200;\r\n      text-decoration: none;\r\n      margin-bottom: 12px;\r\n      transition: color 0.25s ease;\r\n      word-break: break-word;\r\n    }\r\n\r\n    .wmx-contact-channel-card p{\r\n      font-size: 14px;\r\n      font-weight: 300;\r\n      color: #6E6E73;\r\n      line-height: 1.7;\r\n      margin: 0;\r\n      letter-spacing: 0.003em;\r\n    }\r\n\r\n    .wmx-contact-channel-card:hover{\r\n      border-color: #FFD200;\r\n      transform: translateY(-2px);\r\n      box-shadow: 0 14px 34px rgba(17, 17, 17, 0.05);\r\n    }\r\n\r\n    .wmx-contact-channel-card:hover .wmx-contact-channel-line{\r\n      width: 64px;\r\n    }\r\n\r\n    .wmx-contact-channel-card:hover a{\r\n      color: #111111;\r\n    }\r\n\r\n    @media (min-width: 768px){\r\n      .wmx-contact-channels-container{\r\n        padding-left: 48px;\r\n        padding-right: 48px;\r\n      }\r\n\r\n      .wmx-contact-channels h2{\r\n        font-size: 48px;\r\n      }\r\n\r\n      .wmx-contact-channels-grid{\r\n        grid-template-columns: repeat(2, minmax(0, 1fr));\r\n      }\r\n    }\r\n\r\n    @media (min-width: 1200px){\r\n      .wmx-contact-channels-grid{\r\n        grid-template-columns: repeat(3, minmax(0, 1fr));\r\n      }\r\n    }\r\n\r\n    @media (max-width: 767px){\r\n      .wmx-contact-channels h2{\r\n        font-size: 28px;\r\n        margin-bottom: 40px;\r\n      }\r\n\r\n      .wmx-contact-channel-card{\r\n        padding: 24px;\r\n      }\r\n\r\n      .wmx-contact-channel-card h3{\r\n        font-size: 18px;\r\n      }\r\n\r\n      .wmx-contact-channel-card a{\r\n        font-size: 15px;\r\n      }\r\n\r\n      .wmx-contact-channel-card:hover{\r\n        transform: none;\r\n        box-shadow: none;\r\n      }\r\n\r\n      .wmx-contact-channel-card:hover .wmx-contact-channel-line{\r\n        width: 32px;\r\n      }\r\n    }\r\n  <\/style>\r\n<\/div>\n\t\t<\/div>\n\t<\/div>\n<\/div><\/div><\/div><\/div><div class=\"vc_row-full-width vc_clearfix\"><\/div><div data-vc-full-width=\"true\" data-vc-full-width-temp=\"true\" data-vc-full-width-init=\"false\" data-vc-stretch-content=\"true\" class=\"vc_row wpb_row vc_row-fluid vc_custom_1774297356092 vc_row-has-fill vc_row-no-padding wd-rs-69c1a104d4ab6\"><div class=\"wpb_column vc_column_container vc_col-sm-12\"><div class=\"vc_column-inner\"><div class=\"wpb_wrapper\">\n\t<div class=\"wpb_raw_code wpb_raw_html wpb_content_element\" >\n\t\t<div class=\"wpb_wrapper\">\n\t\t\t<div class=\"wmx-campus-highlight\">\r\n  <div class=\"wmx-campus-highlight-container\">\r\n    <div class=\"wmx-campus-highlight-grid\">\r\n      <div class=\"wmx-campus-highlight-content\">\r\n        <div class=\"wmx-campus-highlight-line\"><\/div>\r\n        <h2>Campus<\/h2>\r\n        <p class=\"wmx-campus-highlight-location\">Istanbul, Turkey<\/p>\r\n        <p class=\"wmx-campus-highlight-text\">6,000 m\u00b2 integrated production and engineering campus<\/p>\r\n      <\/div>\r\n\r\n      <div class=\"wmx-campus-highlight-stats\">\r\n        <div class=\"wmx-campus-highlight-stat\">\r\n          <div class=\"wmx-campus-highlight-value\">6.000 m\u00b2<\/div>\r\n          <div class=\"wmx-campus-highlight-label\">Campus<\/div>\r\n        <\/div>\r\n\r\n        <div class=\"wmx-campus-highlight-stat\">\r\n          <div class=\"wmx-campus-highlight-value\">ERP<\/div>\r\n          <div class=\"wmx-campus-highlight-label\">System<\/div>\r\n        <\/div>\r\n\r\n        <div class=\"wmx-campus-highlight-stat\">\r\n          <div class=\"wmx-campus-highlight-value\">ISO<\/div>\r\n          <div class=\"wmx-campus-highlight-label\">Certificates<\/div>\r\n        <\/div>\r\n\r\n        <div class=\"wmx-campus-highlight-stat\">\r\n          <div class=\"wmx-campus-highlight-value\">2018<\/div>\r\n          <div class=\"wmx-campus-highlight-label\">Organization<\/div>\r\n        <\/div>\r\n      <\/div>\r\n    <\/div>\r\n  <\/div>\r\n\r\n  <style>\r\n    .wmx-campus-highlight{\r\n      width: 100%;\r\n      background: transparent;\r\n    }\r\n\r\n    .wmx-campus-highlight-container{\r\n      max-width: 1200px;\r\n      margin: 0 auto;\r\n      padding-left: 24px;\r\n      padding-right: 24px;\r\n    }\r\n\r\n    .wmx-campus-highlight-grid{\r\n      display: grid;\r\n      grid-template-columns: 1fr;\r\n      gap: 48px;\r\n      align-items: center;\r\n    }\r\n\r\n    .wmx-campus-highlight-line{\r\n      width: 48px;\r\n      height: 2px;\r\n      background: #FFD200;\r\n      margin-bottom: 24px;\r\n    }\r\n\r\n    .wmx-campus-highlight-content h2{\r\n      font-size: 32px;\r\n      font-weight: 300;\r\n      line-height: 1.2;\r\n      letter-spacing: -0.025em;\r\n      color: #ffffff;\r\n      margin: 0 0 16px;\r\n    }\r\n\r\n    .wmx-campus-highlight-location{\r\n      font-size: 28px;\r\n      font-weight: 300;\r\n      line-height: 1.3;\r\n      color: #FFD200;\r\n      margin: 0 0 24px;\r\n      letter-spacing: -0.01em;\r\n    }\r\n\r\n    .wmx-campus-highlight-text{\r\n      font-size: 16px;\r\n      font-weight: 300;\r\n      line-height: 1.75;\r\n      color: rgba(255, 255, 255, 0.80);\r\n      margin: 0;\r\n      letter-spacing: 0.003em;\r\n    }\r\n\r\n    .wmx-campus-highlight-stats{\r\n      display: grid;\r\n      grid-template-columns: repeat(2, minmax(0, 1fr));\r\n      gap: 16px;\r\n    }\r\n\r\n    .wmx-campus-highlight-stat{\r\n      background: rgba(255, 255, 255, 0.05);\r\n      border: 1px solid rgba(255, 255, 255, 0.10);\r\n      padding: 24px;\r\n      box-sizing: border-box;\r\n      transition: border-color 0.25s ease, transform 0.25s ease, background 0.25s ease;\r\n    }\r\n\r\n    .wmx-campus-highlight-value{\r\n      font-size: 32px;\r\n      font-weight: 300;\r\n      line-height: 1.15;\r\n      color: #FFD200;\r\n      margin-bottom: 8px;\r\n      letter-spacing: -0.02em;\r\n    }\r\n\r\n    .wmx-campus-highlight-label{\r\n      font-size: 14px;\r\n      font-weight: 400;\r\n      line-height: 1.5;\r\n      color: rgba(255, 255, 255, 0.70);\r\n      letter-spacing: 0.01em;\r\n    }\r\n\r\n    .wmx-campus-highlight-stat:hover{\r\n      border-color: rgba(255, 210, 0, 0.35);\r\n      background: rgba(255, 255, 255, 0.07);\r\n      transform: translateY(-2px);\r\n    }\r\n\r\n    @media (min-width: 768px){\r\n      .wmx-campus-highlight-container{\r\n        padding-left: 48px;\r\n        padding-right: 48px;\r\n      }\r\n\r\n      .wmx-campus-highlight-grid{\r\n        grid-template-columns: repeat(2, minmax(0, 1fr));\r\n        gap: 48px;\r\n      }\r\n\r\n      .wmx-campus-highlight-content h2{\r\n        font-size: 40px;\r\n      }\r\n    }\r\n\r\n    @media (max-width: 767px){\r\n      .wmx-campus-highlight-grid{\r\n        gap: 32px;\r\n      }\r\n\r\n      .wmx-campus-highlight-content h2{\r\n        font-size: 28px;\r\n      }\r\n\r\n      .wmx-campus-highlight-location{\r\n        font-size: 22px;\r\n        margin-bottom: 18px;\r\n      }\r\n\r\n      .wmx-campus-highlight-text{\r\n        font-size: 15px;\r\n      }\r\n\r\n      .wmx-campus-highlight-stats{\r\n        gap: 12px;\r\n      }\r\n\r\n      .wmx-campus-highlight-stat{\r\n        padding: 18px;\r\n      }\r\n\r\n      .wmx-campus-highlight-value{\r\n        font-size: 24px;\r\n      }\r\n\r\n      .wmx-campus-highlight-label{\r\n        font-size: 13px;\r\n      }\r\n\r\n      .wmx-campus-highlight-stat:hover{\r\n        transform: none;\r\n      }\r\n    }\r\n  <\/style>\r\n<\/div>\n\t\t<\/div>\n\t<\/div>\n<\/div><\/div><\/div><\/div><div class=\"vc_row-full-width vc_clearfix\"><\/div><div data-vc-full-width=\"true\" data-vc-full-width-temp=\"true\" data-vc-full-width-init=\"false\" data-vc-stretch-content=\"true\" class=\"vc_row wpb_row vc_row-fluid vc_custom_1774297622900 vc_row-has-fill vc_row-no-padding wd-rs-69c1a201e40da\"><div class=\"wpb_column vc_column_container vc_col-sm-12 wd-rs-69bf096c5d30f\"><div class=\"vc_column-inner vc_custom_1774127472158\"><div class=\"wpb_wrapper\">\n\t<div class=\"wpb_raw_code wpb_raw_html wpb_content_element vc_custom_1774297596134\" >\n\t\t<div class=\"wpb_wrapper\">\n\t\t\t<div class=\"wmx-contact-form\">\r\n  <div class=\"wmx-contact-form-container\">\r\n    <h2>Send Message<\/h2>\r\n\r\n    <form class=\"wmx-contact-form-wrap\" action=\"\">\r\n      <div class=\"wmx-contact-form-grid\">\r\n        <div class=\"wmx-contact-form-field\">\r\n          <input type=\"text\" placeholder=\"Name Surname\" \/>\r\n        <\/div>\r\n\r\n        <div class=\"wmx-contact-form-field\">\r\n          <input type=\"email\" placeholder=\"Email\" \/>\r\n        <\/div>\r\n      <\/div>\r\n\r\n      <div class=\"wmx-contact-form-field\">\r\n        <input type=\"text\" placeholder=\"Subject\" \/>\r\n      <\/div>\r\n\r\n      <div class=\"wmx-contact-form-field\">\r\n        <textarea rows=\"6\" placeholder=\"Your message\"><\/textarea>\r\n      <\/div>\r\n\r\n      <button type=\"submit\" class=\"wmx-contact-form-button\">\r\n        Send <span>\u2192<\/span>\r\n      <\/button>\r\n    <input type=\"hidden\" name=\"trp-form-language\" value=\"en\"\/><\/form>\r\n  <\/div>\r\n\r\n  <style>\r\n    .wmx-contact-form{\r\n      width: 100%;\r\n    }\r\n\r\n    .wmx-contact-form-container{\r\n      max-width: 900px;\r\n      margin: 0 auto;\r\n      padding-left: 24px;\r\n      padding-right: 24px;\r\n    }\r\n\r\n    .wmx-contact-form h2{\r\n      font-size: 32px;\r\n      font-weight: 300;\r\n      color: #111111;\r\n      line-height: 1.18;\r\n      letter-spacing: -0.025em;\r\n      margin: 0 0 48px;\r\n    }\r\n\r\n    .wmx-contact-form-wrap{\r\n      display: flex;\r\n      flex-direction: column;\r\n      gap: 24px;\r\n    }\r\n\r\n    .wmx-contact-form-grid{\r\n      display: grid;\r\n      grid-template-columns: 1fr;\r\n      gap: 24px;\r\n    }\r\n\r\n    .wmx-contact-form-field input,\r\n    .wmx-contact-form-field textarea{\r\n      width: 100%;\r\n      padding: 16px 24px;\r\n      border: 1px solid #E8E8ED;\r\n      outline: none;\r\n      background: #ffffff;\r\n      color: #111111;\r\n      font-size: 15px;\r\n      font-weight: 400;\r\n      letter-spacing: 0.003em;\r\n      line-height: 1.5;\r\n      box-sizing: border-box;\r\n      transition: border-color 0.25s ease, box-shadow 0.25s ease;\r\n      border-radius: 0;\r\n      -webkit-appearance: none;\r\n      appearance: none;\r\n    }\r\n\r\n    .wmx-contact-form-field textarea{\r\n      resize: none;\r\n      min-height: 160px;\r\n    }\r\n\r\n    .wmx-contact-form-field input::placeholder,\r\n    .wmx-contact-form-field textarea::placeholder{\r\n      color: #8A8A92;\r\n      opacity: 1;\r\n    }\r\n\r\n    .wmx-contact-form-field input:focus,\r\n    .wmx-contact-form-field textarea:focus{\r\n      border-color: #FFD200;\r\n      box-shadow: none;\r\n    }\r\n\r\n    .wmx-contact-form-button{\r\n      display: inline-flex;\r\n      align-items: center;\r\n      gap: 8px;\r\n      justify-content: center;\r\n      align-self: flex-start;\r\n      padding: 16px 32px;\r\n      background: #111111;\r\n      color: #ffffff;\r\n      border: none;\r\n      cursor: pointer;\r\n      transition: all 0.3s ease;\r\n      font-size: 13px;\r\n      font-weight: 500;\r\n      letter-spacing: 0.06em;\r\n      line-height: 1;\r\n      text-transform: none;\r\n    }\r\n\r\n    .wmx-contact-form-button span{\r\n      display: inline-block;\r\n      transition: transform 0.2s ease;\r\n      line-height: 1;\r\n    }\r\n\r\n    .wmx-contact-form-button:hover{\r\n      background: #FFD200;\r\n      color: #111111;\r\n    }\r\n\r\n    .wmx-contact-form-button:hover span{\r\n      transform: translateX(2px);\r\n    }\r\n\r\n    @media (min-width: 768px){\r\n      .wmx-contact-form-container{\r\n        padding-left: 48px;\r\n        padding-right: 48px;\r\n      }\r\n\r\n      .wmx-contact-form h2{\r\n        font-size: 48px;\r\n      }\r\n\r\n      .wmx-contact-form-grid{\r\n        grid-template-columns: repeat(2, minmax(0, 1fr));\r\n      }\r\n    }\r\n\r\n    @media (max-width: 767px){\r\n      .wmx-contact-form h2{\r\n        font-size: 28px;\r\n        margin-bottom: 32px;\r\n      }\r\n\r\n      .wmx-contact-form-wrap{\r\n        gap: 18px;\r\n      }\r\n\r\n      .wmx-contact-form-grid{\r\n        gap: 18px;\r\n      }\r\n\r\n      .wmx-contact-form-field input,\r\n      .wmx-contact-form-field textarea{\r\n        padding: 14px 18px;\r\n        font-size: 14px;\r\n      }\r\n\r\n      .wmx-contact-form-field textarea{\r\n        min-height: 140px;\r\n      }\r\n\r\n      .wmx-contact-form-button{\r\n        width: 100%;\r\n        padding: 15px 24px;\r\n      }\r\n    }\r\n  <\/style>\r\n<\/div>\n\t\t<\/div>\n\t<\/div>\n<\/div><\/div><\/div><\/div><div class=\"vc_row-full-width vc_clearfix\"><\/div><div data-vc-full-width=\"true\" data-vc-full-width-temp=\"true\" data-vc-full-width-init=\"false\" data-vc-stretch-content=\"true\" class=\"vc_row wpb_row vc_row-fluid vc_custom_1774297650360 vc_row-has-fill vc_row-no-padding wd-rs-69c1a22c460ed\"><div class=\"wpb_column vc_column_container vc_col-sm-12\"><div class=\"vc_column-inner\"><div class=\"wpb_wrapper\">\n\t<div class=\"wpb_raw_code wpb_raw_html wpb_content_element\" >\n\t\t<div class=\"wpb_wrapper\">\n\t\t\t<div class=\"wmx-contact-links-note\">\r\n  <div class=\"wmx-contact-links-note-container\">\r\n    <div class=\"wmx-contact-links-note-grid\">\r\n      <div class=\"wmx-contact-links-block\">\r\n        <h3>Quick Links<\/h3>\r\n\r\n        <div class=\"wmx-contact-links-list\">\r\n          <a href=\"\/en\/documents\/\" data-discover=\"true\">\u2192 Documentation Center<\/a>\r\n          <a href=\"\/en\/sustainability\/\" data-discover=\"true\">\u2192 Sustainability<\/a>\r\n          <a href=\"\/en\/company-profile\/\" data-discover=\"true\">\u2192 Company Profile<\/a>\r\n          <a href=\"\/en\/brands\/\" data-discover=\"true\">\u2192 Brands<\/a>\r\n        <\/div>\r\n      <\/div>\r\n\r\n      <div class=\"wmx-contact-note-block\">\r\n        <div class=\"wmx-contact-note-line\"><\/div>\r\n        <h3>Corporate Note<\/h3>\r\n        <p>Worimex is an industrial group structure producing global engineering standards. For technical questions, please contact the relevant department.<\/p>\r\n      <\/div>\r\n    <\/div>\r\n  <\/div>\r\n\r\n  <style>\r\n    .wmx-contact-links-note{\r\n      width: 100%;\r\n      background: #ffffff;\r\n    }\r\n\r\n    .wmx-contact-links-note-container{\r\n      max-width: 1400px;\r\n      margin: 0 auto;\r\n      padding-left: 24px;\r\n      padding-right: 24px;\r\n    }\r\n\r\n    .wmx-contact-links-note-grid{\r\n      display: grid;\r\n      grid-template-columns: 1fr;\r\n      gap: 48px;\r\n    }\r\n\r\n    .wmx-contact-links-block h3,\r\n    .wmx-contact-note-block h3{\r\n      font-size: 28px;\r\n      font-weight: 300;\r\n      line-height: 1.2;\r\n      letter-spacing: -0.02em;\r\n      color: #111111;\r\n      margin: 0 0 24px;\r\n    }\r\n\r\n    .wmx-contact-links-list{\r\n      display: flex;\r\n      flex-direction: column;\r\n      gap: 12px;\r\n    }\r\n\r\n    .wmx-contact-links-list a{\r\n      display: block;\r\n      font-size: 16px;\r\n      font-weight: 300;\r\n      line-height: 1.7;\r\n      color: #6E6E73;\r\n      text-decoration: none;\r\n      transition: color 0.25s ease, transform 0.25s ease;\r\n    }\r\n\r\n    .wmx-contact-links-list a:hover{\r\n      color: #FFD200;\r\n      transform: translateX(2px);\r\n    }\r\n\r\n    .wmx-contact-note-line{\r\n      width: 48px;\r\n      height: 2px;\r\n      background: #FFD200;\r\n      margin-bottom: 24px;\r\n    }\r\n\r\n    .wmx-contact-note-block p{\r\n      font-size: 16px;\r\n      font-weight: 300;\r\n      line-height: 1.8;\r\n      color: #6E6E73;\r\n      margin: 0;\r\n      letter-spacing: 0.003em;\r\n    }\r\n\r\n    @media (min-width: 768px){\r\n      .wmx-contact-links-note-container{\r\n        padding-left: 48px;\r\n        padding-right: 48px;\r\n      }\r\n\r\n      .wmx-contact-links-note-grid{\r\n        grid-template-columns: repeat(2, minmax(0, 1fr));\r\n        gap: 48px;\r\n      }\r\n    }\r\n\r\n    @media (max-width: 767px){\r\n      .wmx-contact-links-note-grid{\r\n        gap: 36px;\r\n      }\r\n\r\n      .wmx-contact-links-block h3,\r\n      .wmx-contact-note-block h3{\r\n        font-size: 24px;\r\n        margin-bottom: 20px;\r\n      }\r\n\r\n      .wmx-contact-links-list a{\r\n        font-size: 15px;\r\n      }\r\n\r\n      .wmx-contact-note-block p{\r\n        font-size: 15px;\r\n        line-height: 1.75;\r\n      }\r\n    }\r\n  <\/style>\r\n<\/div>\n\t\t<\/div>\n\t<\/div>\n<\/div><\/div><\/div><\/div><div class=\"vc_row-full-width vc_clearfix\"><\/div>\n<\/div>","protected":false},"excerpt":{"rendered":"\u0130LET\u0130\u015e\u0130M Worimex ile ba\u011flant\u0131 kurun. Sat\u0131\u015f, i\u015f ortakl\u0131klar\u0131, \u00fcr\u00fcn ekosistemi, dok\u00fcmantasyon ve kurumsal ileti\u015fim konular\u0131nda bizimle ileti\u015fime ge\u00e7ebilirsiniz. \u0130leti\u015fim Kanallar\u0131","protected":false},"author":1,"featured_media":0,"parent":0,"menu_order":0,"comment_status":"closed","ping_status":"closed","template":"","meta":{"footnotes":""},"class_list":["post-1232","page","type-page","status-publish","hentry"],"_links":{"self":[{"href":"https:\/\/demo.worimex.com\/en\/wp-json\/wp\/v2\/pages\/1232","targetHints":{"allow":["GET"]}}],"collection":[{"href":"https:\/\/demo.worimex.com\/en\/wp-json\/wp\/v2\/pages"}],"about":[{"href":"https:\/\/demo.worimex.com\/en\/wp-json\/wp\/v2\/types\/page"}],"author":[{"embeddable":true,"href":"https:\/\/demo.worimex.com\/en\/wp-json\/wp\/v2\/users\/1"}],"replies":[{"embeddable":true,"href":"https:\/\/demo.worimex.com\/en\/wp-json\/wp\/v2\/comments?post=1232"}],"version-history":[{"count":9,"href":"https:\/\/demo.worimex.com\/en\/wp-json\/wp\/v2\/pages\/1232\/revisions"}],"predecessor-version":[{"id":1246,"href":"https:\/\/demo.worimex.com\/en\/wp-json\/wp\/v2\/pages\/1232\/revisions\/1246"}],"wp:attachment":[{"href":"https:\/\/demo.worimex.com\/en\/wp-json\/wp\/v2\/media?parent=1232"}],"curies":[{"name":"wp","href":"https:\/\/api.w.org\/{rel}","templated":true}]}}