{"id":1127,"date":"2026-03-22T21:53:47","date_gmt":"2026-03-22T21:53:47","guid":{"rendered":"https:\/\/demo.worimex.com\/?page_id=1127"},"modified":"2026-03-22T22:14:45","modified_gmt":"2026-03-22T22:14:45","slug":"ecosystem","status":"publish","type":"page","link":"https:\/\/demo.worimex.com\/en\/ecosystem\/","title":{"rendered":"Ecosystem"},"content":{"rendered":"<div class=\"wpb-content-wrapper\"><div data-vc-full-width=\"true\" data-vc-full-width-temp=\"true\" data-vc-full-width-init=\"false\" data-vc-stretch-content=\"true\" class=\"vc_row wpb_row vc_row-fluid vc_custom_1774216469181 vc_row-no-padding wd-rs-69c0651286395\"><div class=\"wpb_column vc_column_container vc_col-sm-12\"><div class=\"vc_column-inner\"><div class=\"wpb_wrapper\">\n\t<div class=\"wpb_raw_code wpb_raw_html wpb_content_element vc_custom_1774217606305\" >\n\t\t<div class=\"wpb_wrapper\">\n\t\t\t<div id=\"ordox-ecosystem-sticky-nav-01\">\r\n  <style>\r\n    #ordox-ecosystem-sticky-nav-01 .ordox-eco-nav {\r\n      position: sticky !important;\r\n      top: 64px !important;\r\n      z-index: 149 !important;\r\n      background: rgb(255, 255, 255) !important;\r\n      border-bottom: 1px solid rgb(236, 236, 240) !important;\r\n    }\r\n\r\n    #ordox-ecosystem-sticky-nav-01 .ordox-eco-nav-inner {\r\n      max-width: 1200px !important;\r\n      margin: 0 auto !important;\r\n      padding: 0 40px !important;\r\n      display: flex !important;\r\n      align-items: center !important;\r\n      gap: 28px !important;\r\n      overflow-x: auto !important;\r\n      scrollbar-width: none !important;\r\n      -ms-overflow-style: none !important;\r\n    }\r\n\r\n    #ordox-ecosystem-sticky-nav-01 .ordox-eco-nav-inner::-webkit-scrollbar {\r\n      display: none !important;\r\n    }\r\n\r\n    #ordox-ecosystem-sticky-nav-01 .ordox-eco-link {\r\n      text-decoration: none !important;\r\n      font-size: 12px !important;\r\n      letter-spacing: 0.04em !important;\r\n      padding: 13px 0 !important;\r\n      position: relative !important;\r\n      transition: color 0.2s ease !important;\r\n      white-space: nowrap !important;\r\n      flex-shrink: 0 !important;\r\n      line-height: 1.2 !important;\r\n      color: rgb(138, 138, 146) !important;\r\n      font-weight: 400 !important;\r\n    }\r\n\r\n    #ordox-ecosystem-sticky-nav-01 .ordox-eco-link:hover {\r\n      color: rgb(17, 17, 17) !important;\r\n    }\r\n\r\n    #ordox-ecosystem-sticky-nav-01 .ordox-eco-link::after {\r\n      content: \"\" !important;\r\n      position: absolute !important;\r\n      bottom: 0 !important;\r\n      left: 0 !important;\r\n      right: 0 !important;\r\n      height: 0 !important;\r\n      background: rgb(255, 210, 0) !important;\r\n      transition: height 0.2s ease !important;\r\n    }\r\n\r\n    #ordox-ecosystem-sticky-nav-01 .ordox-eco-link:hover::after {\r\n      height: 2px !important;\r\n    }\r\n\r\n    #ordox-ecosystem-sticky-nav-01 .ordox-eco-link.is-active {\r\n      color: rgb(17, 17, 17) !important;\r\n      font-weight: 500 !important;\r\n    }\r\n\r\n    #ordox-ecosystem-sticky-nav-01 .ordox-eco-link.is-active::after {\r\n      height: 2px !important;\r\n    }\r\n\r\n    #ordox-ecosystem-sticky-nav-01 .ordox-eco-link.is-main {\r\n      padding-right: 20px !important;\r\n      margin-right: 4px !important;\r\n      border-right: 1px solid rgb(236, 236, 240) !important;\r\n    }\r\n\r\n    #ordox-ecosystem-sticky-nav-01 .ordox-eco-link.is-main::after {\r\n      right: 20px !important;\r\n    }\r\n\r\n    @media (max-width: 767px) {\r\n      #ordox-ecosystem-sticky-nav-01 .ordox-eco-nav {\r\n        top: 56px !important;\r\n      }\r\n\r\n      #ordox-ecosystem-sticky-nav-01 .ordox-eco-nav-inner {\r\n        padding: 0 24px !important;\r\n        gap: 20px !important;\r\n      }\r\n    }\r\n  <\/style>\r\n\r\n  <nav class=\"ordox-eco-nav\" aria-label=\"Ecosystem navigation\">\r\n    <div class=\"ordox-eco-nav-inner\">\r\n      <a href=\"\/en\/ecosystem\/\" class=\"ordox-eco-link is-main is-active\">Overview<\/a>\r\n      <a href=\"\/en\/ecosystem-supply-chain\/\" class=\"ordox-eco-link\">Supply Chain<\/a>\r\n      <a href=\"\/en\/ecosystem-brand\/\" class=\"ordox-eco-link\">Brand<\/a>\r\n      <a href=\"\/en\/ecosystem-partnership\/\" class=\"ordox-eco-link\">Collaborations<\/a>\r\n      <a href=\"\/en\/ecosystem-customer\/\" class=\"ordox-eco-link\">Customer<\/a>\r\n      <a href=\"\/en\/ecosystem-sales-offices\/\" class=\"ordox-eco-link\">Sales Offices<\/a>\r\n    <\/div>\r\n  <\/nav>\r\n<\/div>\n\t\t<\/div>\n\t<\/div>\n<\/div><\/div><\/div><\/div><div class=\"vc_row-full-width vc_clearfix\"><\/div><div data-vc-full-width=\"true\" data-vc-full-width-temp=\"true\" data-vc-full-width-init=\"false\" data-vc-stretch-content=\"true\" class=\"vc_row wpb_row vc_row-fluid vc_custom_1774217684013 vc_row-no-padding vc_row-o-full-height vc_row-o-columns-middle vc_row-flex wd-rs-69c069d19a14a\"><div class=\"wpb_column vc_column_container vc_col-sm-12\"><div class=\"vc_column-inner\"><div class=\"wpb_wrapper\">\n\t<div class=\"wpb_raw_code wpb_raw_html wpb_content_element vc_custom_1774217624000\" >\n\t\t<div class=\"wpb_wrapper\">\n\t\t\t<div id=\"bd-ecosystem-orbit-live\" style=\"min-height: calc(100vh - 156px); display:flex; align-items:center; justify-content:center; background:#f7f7f8; padding:40px 20px;\">\r\n  <style>\r\n    #bd-ecosystem-orbit-live * {\r\n      box-sizing: border-box;\r\n    }\r\n\r\n    #bd-ecosystem-orbit-live .eco-wrap {\r\n      position: relative;\r\n      width: 620px;\r\n      height: 620px;\r\n      margin: 0 auto;\r\n    }\r\n\r\n    #bd-ecosystem-orbit-live .eco-bg-w {\r\n      position: absolute;\r\n      inset: 0;\r\n      display: flex;\r\n      align-items: center;\r\n      justify-content: center;\r\n      font-size: 430px;\r\n      font-weight: 700;\r\n      color: rgba(0,0,0,0.035);\r\n      line-height: 1;\r\n      user-select: none;\r\n      pointer-events: none;\r\n      letter-spacing: -0.08em;\r\n      transform: translateY(8px);\r\n    }\r\n\r\n    #bd-ecosystem-orbit-live .eco-svg {\r\n      position: absolute;\r\n      inset: 0;\r\n      overflow: visible;\r\n    }\r\n\r\n    #bd-ecosystem-orbit-live .eco-ring {\r\n      stroke: #d9d9df;\r\n      stroke-width: 1;\r\n      fill: none;\r\n      opacity: 0.75;\r\n    }\r\n\r\n    #bd-ecosystem-orbit-live .eco-inner-line {\r\n      stroke: #d8d8de;\r\n      stroke-width: 1;\r\n      stroke-dasharray: 4 4;\r\n      fill: none;\r\n      transition: stroke 0.25s ease, opacity 0.25s ease;\r\n      opacity: 0.9;\r\n    }\r\n\r\n    #bd-ecosystem-orbit-live .eco-spoke {\r\n      stroke: rgba(0,0,0,0.03);\r\n      stroke-width: 1;\r\n    }\r\n\r\n    #bd-ecosystem-orbit-live .eco-center {\r\n      position: absolute;\r\n      left: 50%;\r\n      top: 50%;\r\n      width: 92px;\r\n      height: 92px;\r\n      transform: translate(-50%, -50%);\r\n      border: 1px solid rgba(255, 210, 0, 0.55);\r\n      border-radius: 50%;\r\n      background: rgba(255,255,255,0.72);\r\n      backdrop-filter: blur(2px);\r\n      display: flex;\r\n      align-items: center;\r\n      justify-content: center;\r\n      text-align: center;\r\n      z-index: 5;\r\n    }\r\n\r\n    #bd-ecosystem-orbit-live .eco-center-inner {\r\n      display: flex;\r\n      flex-direction: column;\r\n      align-items: center;\r\n      gap: 2px;\r\n    }\r\n\r\n    #bd-ecosystem-orbit-live .eco-center-kicker {\r\n      font-size: 8px;\r\n      font-weight: 700;\r\n      letter-spacing: 0.24em;\r\n      color: #b7b7be;\r\n    }\r\n\r\n    #bd-ecosystem-orbit-live .eco-center-title {\r\n      font-size: 12px;\r\n      font-weight: 500;\r\n      color: #111111;\r\n      line-height: 1.2;\r\n    }\r\n\r\n    #bd-ecosystem-orbit-live .eco-center-line {\r\n      width: 16px;\r\n      height: 2px;\r\n      background: #ffd200;\r\n      margin-top: 4px;\r\n    }\r\n\r\n    #bd-ecosystem-orbit-live .eco-item {\r\n      position: absolute;\r\n      width: 130px;\r\n      text-align: center;\r\n      text-decoration: none;\r\n      z-index: 6;\r\n      transform: translate(-50%, -50%);\r\n      display: flex;\r\n      flex-direction: column;\r\n      align-items: center;\r\n    }\r\n\r\n    #bd-ecosystem-orbit-live .eco-item-top    { left: 50%;    top: 82px; }\r\n    #bd-ecosystem-orbit-live .eco-item-right  { left: 86.5%;  top: 34.5%; }\r\n    #bd-ecosystem-orbit-live .eco-item-br     { left: 70.8%;  top: 76.5%; }\r\n    #bd-ecosystem-orbit-live .eco-item-bl     { left: 29.2%;  top: 76.5%; }\r\n    #bd-ecosystem-orbit-live .eco-item-left   { left: 13.5%;  top: 34.5%; }\r\n\r\n    #bd-ecosystem-orbit-live .eco-dot {\r\n      width: 14px;\r\n      height: 14px;\r\n      border-radius: 50%;\r\n      background: #c7c7cf;\r\n      margin: 0 auto 7px;\r\n      box-shadow: 0 0 0 0 rgba(255,210,0,0);\r\n      transition: background 0.25s ease, box-shadow 0.25s ease, transform 0.25s ease;\r\n    }\r\n\r\n    #bd-ecosystem-orbit-live .eco-no {\r\n      display: block;\r\n      font-size: 10px;\r\n      font-weight: 600;\r\n      letter-spacing: 0.08em;\r\n      color: #b5b5bc;\r\n      margin-bottom: 3px;\r\n      transition: color 0.25s ease;\r\n      line-height: 1;\r\n      text-align: center;\r\n    }\r\n\r\n    #bd-ecosystem-orbit-live .eco-label {\r\n      display: block;\r\n      font-size: 12px;\r\n      font-weight: 500;\r\n      color: #3a3a3d;\r\n      line-height: 1.2;\r\n      transition: color 0.25s ease, font-weight 0.25s ease;\r\n      text-align: center;\r\n    }\r\n\r\n    #bd-ecosystem-orbit-live .eco-arrow {\r\n      display: block;\r\n      margin-top: 6px;\r\n      color: #ffd200;\r\n      opacity: 0;\r\n      transform: translateY(-4px);\r\n      transition: opacity 0.25s ease, transform 0.25s ease;\r\n      font-weight: 600;\r\n      font-size: 13px;\r\n      line-height: 1;\r\n      text-align: center;\r\n    }\r\n\r\n    #bd-ecosystem-orbit-live .eco-item:hover .eco-dot {\r\n      background: #ffd200;\r\n      box-shadow: 0 0 18px rgba(255,210,0,0.5);\r\n      transform: scale(1.15);\r\n    }\r\n\r\n    #bd-ecosystem-orbit-live .eco-item:hover .eco-no {\r\n      color: #e0b900;\r\n    }\r\n\r\n    #bd-ecosystem-orbit-live .eco-item:hover .eco-label {\r\n      color: #2d2d2d;\r\n      font-weight: 600;\r\n    }\r\n\r\n    #bd-ecosystem-orbit-live .eco-item:hover .eco-arrow {\r\n      opacity: 1;\r\n      transform: translateY(0);\r\n    }\r\n\r\n    #bd-ecosystem-orbit-live .eco-wrap:has(.eco-item-top:hover) .line-top-left,\r\n    #bd-ecosystem-orbit-live .eco-wrap:has(.eco-item-top:hover) .line-top-right,\r\n    #bd-ecosystem-orbit-live .eco-wrap:has(.eco-item-right:hover) .line-top-right,\r\n    #bd-ecosystem-orbit-live .eco-wrap:has(.eco-item-right:hover) .line-right-bottom,\r\n    #bd-ecosystem-orbit-live .eco-wrap:has(.eco-item-br:hover) .line-right-bottom,\r\n    #bd-ecosystem-orbit-live .eco-wrap:has(.eco-item-br:hover) .line-bottom,\r\n    #bd-ecosystem-orbit-live .eco-wrap:has(.eco-item-bl:hover) .line-bottom,\r\n    #bd-ecosystem-orbit-live .eco-wrap:has(.eco-item-bl:hover) .line-left-bottom,\r\n    #bd-ecosystem-orbit-live .eco-wrap:has(.eco-item-left:hover) .line-left-bottom,\r\n    #bd-ecosystem-orbit-live .eco-wrap:has(.eco-item-left:hover) .line-top-left {\r\n      stroke: #ffd200;\r\n      opacity: 1;\r\n    }\r\n\r\n    @media (max-width: 767px) {\r\n      #bd-ecosystem-orbit-live {\r\n        min-height: auto;\r\n        padding: 30px 10px;\r\n      }\r\n\r\n      #bd-ecosystem-orbit-live .eco-wrap {\r\n        width: 360px;\r\n        height: 360px;\r\n      }\r\n\r\n      #bd-ecosystem-orbit-live .eco-bg-w {\r\n        font-size: 250px;\r\n      }\r\n\r\n      #bd-ecosystem-orbit-live .eco-center {\r\n        width: 78px;\r\n        height: 78px;\r\n      }\r\n\r\n      #bd-ecosystem-orbit-live .eco-center-title {\r\n        font-size: 11px;\r\n      }\r\n\r\n      #bd-ecosystem-orbit-live .eco-item {\r\n        width: 96px;\r\n      }\r\n\r\n      #bd-ecosystem-orbit-live .eco-label {\r\n        font-size: 11px;\r\n      }\r\n\r\n      #bd-ecosystem-orbit-live .eco-arrow {\r\n        margin-top: 4px;\r\n        font-size: 12px;\r\n      }\r\n\r\n      #bd-ecosystem-orbit-live .eco-item-top    { top: 56px; }\r\n      #bd-ecosystem-orbit-live .eco-item-right  { left: 84.5%; top: 35%; }\r\n      #bd-ecosystem-orbit-live .eco-item-br     { left: 69.5%; top: 75.5%; }\r\n      #bd-ecosystem-orbit-live .eco-item-bl     { left: 30.5%; top: 75.5%; }\r\n      #bd-ecosystem-orbit-live .eco-item-left   { left: 15.5%; top: 35%; }\r\n    }\r\n  <\/style>\r\n\r\n  <div class=\"eco-wrap\">\r\n    <div class=\"eco-bg-w\">W<\/div>\r\n\r\n    <svg class=\"eco-svg\" viewbox=\"0 0 620 620\" aria-hidden=\"true\">\r\n      <circle class=\"eco-ring\" cx=\"310\" cy=\"310\" r=\"210\"><\/circle>\r\n\r\n      <line class=\"eco-spoke\" x1=\"310\" y1=\"310\" x2=\"310\" y2=\"100\"><\/line>\r\n      <line class=\"eco-spoke\" x1=\"310\" y1=\"310\" x2=\"490\" y2=\"230\"><\/line>\r\n      <line class=\"eco-spoke\" x1=\"310\" y1=\"310\" x2=\"420\" y2=\"470\"><\/line>\r\n      <line class=\"eco-spoke\" x1=\"310\" y1=\"310\" x2=\"200\" y2=\"470\"><\/line>\r\n      <line class=\"eco-spoke\" x1=\"310\" y1=\"310\" x2=\"130\" y2=\"230\"><\/line>\r\n\r\n      <line class=\"eco-inner-line line-top-left\" x1=\"310\" y1=\"100\" x2=\"130\" y2=\"230\"><\/line>\r\n      <line class=\"eco-inner-line line-top-right\" x1=\"310\" y1=\"100\" x2=\"490\" y2=\"230\"><\/line>\r\n      <line class=\"eco-inner-line line-right-bottom\" x1=\"490\" y1=\"230\" x2=\"420\" y2=\"470\"><\/line>\r\n      <line class=\"eco-inner-line line-bottom\" x1=\"420\" y1=\"470\" x2=\"200\" y2=\"470\"><\/line>\r\n      <line class=\"eco-inner-line line-left-bottom\" x1=\"200\" y1=\"470\" x2=\"130\" y2=\"230\"><\/line>\r\n    <\/svg>\r\n\r\n    <div class=\"eco-center\">\r\n      <div class=\"eco-center-inner\">\r\n        <div class=\"eco-center-kicker\">WORIMEX<\/div>\r\n        <div class=\"eco-center-title\">Ecosystem<\/div>\r\n        <div class=\"eco-center-line\"><\/div>\r\n      <\/div>\r\n    <\/div>\r\n\r\n    <a class=\"eco-item eco-item-top\" href=\"\/en\/ecosystem-supply-chain\/\">\r\n      <div class=\"eco-dot\"><\/div>\r\n      <span class=\"eco-no\">01<\/span>\r\n      <span class=\"eco-label\">Supply Chain<\/span>\r\n      <span class=\"eco-arrow\">\u2192<\/span>\r\n    <\/a>\r\n\r\n    <a class=\"eco-item eco-item-right\" href=\"\/en\/ecosystem-brand\/\">\r\n      <div class=\"eco-dot\"><\/div>\r\n      <span class=\"eco-no\">02<\/span>\r\n      <span class=\"eco-label\">Brand<\/span>\r\n      <span class=\"eco-arrow\">\u2192<\/span>\r\n    <\/a>\r\n\r\n    <a class=\"eco-item eco-item-br\" href=\"\/en\/ecosystem-partnership\/\">\r\n      <div class=\"eco-dot\"><\/div>\r\n      <span class=\"eco-no\">03<\/span>\r\n      <span class=\"eco-label\">Collaborations<\/span>\r\n      <span class=\"eco-arrow\">\u2192<\/span>\r\n    <\/a>\r\n\r\n    <a class=\"eco-item eco-item-bl\" href=\"\/en\/ecosystem-customer\/\">\r\n      <div class=\"eco-dot\"><\/div>\r\n      <span class=\"eco-no\">04<\/span>\r\n      <span class=\"eco-label\">Customer<\/span>\r\n      <span class=\"eco-arrow\">\u2192<\/span>\r\n    <\/a>\r\n\r\n    <a class=\"eco-item eco-item-left\" href=\"\/en\/ecosystem-sales-offices\/\">\r\n      <div class=\"eco-dot\"><\/div>\r\n      <span class=\"eco-no\">05<\/span>\r\n      <span class=\"eco-label\">Sales Offices<\/span>\r\n      <span class=\"eco-arrow\">\u2192<\/span>\r\n    <\/a>\r\n  <\/div>\r\n<\/div>\n\t\t<\/div>\n\t<\/div>\n<\/div><\/div><\/div><\/div><div class=\"vc_row-full-width vc_clearfix\"><\/div>\n<\/div>","protected":false},"excerpt":{"rendered":"Genel Bak\u0131\u015f Tedarik Zinciri Marka \u0130\u015f Birlikleri M\u00fc\u015fteri Sat\u0131\u015f Ofisleri W WORIMEX Ekosistem 01 Tedarik Zinciri \u2192 02 Marka \u2192","protected":false},"author":1,"featured_media":0,"parent":0,"menu_order":0,"comment_status":"closed","ping_status":"closed","template":"","meta":{"footnotes":""},"class_list":["post-1127","page","type-page","status-publish","hentry"],"_links":{"self":[{"href":"https:\/\/demo.worimex.com\/en\/wp-json\/wp\/v2\/pages\/1127","targetHints":{"allow":["GET"]}}],"collection":[{"href":"https:\/\/demo.worimex.com\/en\/wp-json\/wp\/v2\/pages"}],"about":[{"href":"https:\/\/demo.worimex.com\/en\/wp-json\/wp\/v2\/types\/page"}],"author":[{"embeddable":true,"href":"https:\/\/demo.worimex.com\/en\/wp-json\/wp\/v2\/users\/1"}],"replies":[{"embeddable":true,"href":"https:\/\/demo.worimex.com\/en\/wp-json\/wp\/v2\/comments?post=1127"}],"version-history":[{"count":13,"href":"https:\/\/demo.worimex.com\/en\/wp-json\/wp\/v2\/pages\/1127\/revisions"}],"predecessor-version":[{"id":1140,"href":"https:\/\/demo.worimex.com\/en\/wp-json\/wp\/v2\/pages\/1127\/revisions\/1140"}],"wp:attachment":[{"href":"https:\/\/demo.worimex.com\/en\/wp-json\/wp\/v2\/media?parent=1127"}],"curies":[{"name":"wp","href":"https:\/\/api.w.org\/{rel}","templated":true}]}}