{"id":1095,"date":"2026-03-22T20:07:03","date_gmt":"2026-03-22T20:07:03","guid":{"rendered":"https:\/\/demo.worimex.com\/?page_id=1095"},"modified":"2026-03-22T20:46:19","modified_gmt":"2026-03-22T20:46:19","slug":"test-reports-lvd","status":"publish","type":"page","link":"https:\/\/demo.worimex.com\/en\/test-reports-lvd\/","title":{"rendered":"Test Reports LVD"},"content":{"rendered":"<div class=\"wpb-content-wrapper\"><div data-vc-full-width=\"true\" data-vc-full-width-temp=\"true\" data-vc-full-width-init=\"false\" data-vc-stretch-content=\"true\" class=\"vc_row wpb_row vc_row-fluid vc_custom_1774205445883 vc_row-no-padding wd-rs-69c039d280045\"><div class=\"wpb_column vc_column_container vc_col-sm-12\"><div class=\"vc_column-inner\"><div class=\"wpb_wrapper\">\n\t<div class=\"wpb_raw_code wpb_raw_html wpb_content_element\" >\n\t\t<div class=\"wpb_wrapper\">\n\t\t\t<div id=\"ordox-doc-detail-header-01\" style=\"border-bottom: 1px solid rgb(240, 240, 244) !important;\">\r\n  <style>\r\n    #ordox-doc-detail-header-01 .ordox-container {\r\n      max-width: 1200px !important;\r\n      margin: 0 auto !important;\r\n      padding: 24px 10px !important;\r\n      box-sizing: border-box !important;\r\n    }\r\n\r\n    #ordox-doc-detail-header-01 .ordox-main-row {\r\n      display: flex !important;\r\n      align-items: center !important;\r\n      gap: 16px !important;\r\n    }\r\n\r\n    #ordox-doc-detail-header-01 .ordox-stack {\r\n      display: flex !important;\r\n      flex-direction: column !important;\r\n      gap: 20px !important;\r\n      width: 100% !important;\r\n    }\r\n\r\n    #ordox-doc-detail-header-01 .ordox-breadcrumb {\r\n      display: flex !important;\r\n      flex-direction: column !important;\r\n      gap: 0 !important;\r\n    }\r\n\r\n    #ordox-doc-detail-header-01 .ordox-breadcrumb-row {\r\n      display: flex !important;\r\n      align-items: center !important;\r\n      flex-wrap: wrap !important;\r\n    }\r\n\r\n    #ordox-doc-detail-header-01 .ordox-breadcrumb-item {\r\n      display: inline-flex !important;\r\n      align-items: center !important;\r\n    }\r\n\r\n    #ordox-doc-detail-header-01 .ordox-breadcrumb-link {\r\n      text-decoration: none !important;\r\n      font-size: 10px !important;\r\n      font-weight: 500 !important;\r\n      color: rgb(160, 160, 168) !important;\r\n      letter-spacing: 0.14em !important;\r\n      text-transform: uppercase !important;\r\n      transition: color 0.18s ease !important;\r\n      white-space: nowrap !important;\r\n      line-height: 1.2 !important;\r\n    }\r\n\r\n    #ordox-doc-detail-header-01 .ordox-breadcrumb-link:hover {\r\n      color: rgb(74, 74, 82) !important;\r\n    }\r\n\r\n    #ordox-doc-detail-header-01 .ordox-breadcrumb-sep {\r\n      font-size: 10px !important;\r\n      color: rgb(208, 208, 216) !important;\r\n      user-select: none !important;\r\n      padding: 0 6px !important;\r\n      line-height: 1 !important;\r\n    }\r\n\r\n    #ordox-doc-detail-header-01 .ordox-breadcrumb-current {\r\n      font-size: 10px !important;\r\n      font-weight: 500 !important;\r\n      color: rgb(74, 74, 82) !important;\r\n      letter-spacing: 0.14em !important;\r\n      text-transform: uppercase !important;\r\n      white-space: nowrap !important;\r\n      line-height: 1.2 !important;\r\n    }\r\n\r\n    #ordox-doc-detail-header-01 .ordox-breadcrumb-line {\r\n      height: 1px !important;\r\n      background: rgb(236, 236, 240) !important;\r\n      margin-top: 16px !important;\r\n    }\r\n\r\n    #ordox-doc-detail-header-01 .ordox-back-btn {\r\n      display: inline-flex !important;\r\n      align-items: center !important;\r\n      gap: 6px !important;\r\n      background: none !important;\r\n      border: none !important;\r\n      cursor: pointer !important;\r\n      padding: 0 !important;\r\n      color: rgb(44, 44, 46) !important;\r\n      font-family: inherit !important;\r\n      text-decoration: none !important;\r\n      width: fit-content !important;\r\n    }\r\n\r\n    #ordox-doc-detail-header-01 .ordox-back-icon {\r\n      display: flex !important;\r\n      align-items: center !important;\r\n      transform: translateX(0) !important;\r\n      transition: transform 0.2s ease !important;\r\n      color: rgb(44, 44, 46) !important;\r\n      line-height: 1 !important;\r\n    }\r\n\r\n    #ordox-doc-detail-header-01 .ordox-back-btn:hover .ordox-back-icon {\r\n      transform: translateX(-2px) !important;\r\n    }\r\n\r\n    #ordox-doc-detail-header-01 .ordox-back-text {\r\n      font-size: 12px !important;\r\n      font-weight: 400 !important;\r\n      letter-spacing: 0.01em !important;\r\n      line-height: 1 !important;\r\n      position: relative !important;\r\n      color: rgb(44, 44, 46) !important;\r\n    }\r\n\r\n    #ordox-doc-detail-header-01 .ordox-back-text::after {\r\n      content: \"\" !important;\r\n      position: absolute !important;\r\n      bottom: -1px !important;\r\n      left: 0 !important;\r\n      width: 0 !important;\r\n      height: 1px !important;\r\n      background: rgb(44, 44, 46) !important;\r\n      transition: width 0.2s ease !important;\r\n    }\r\n\r\n    #ordox-doc-detail-header-01 .ordox-back-btn:hover .ordox-back-text::after {\r\n      width: 100% !important;\r\n    }\r\n\r\n    #ordox-doc-detail-header-01 .ordox-subnav {\r\n      display: flex !important;\r\n      align-items: center !important;\r\n      gap: 8px !important;\r\n      font-size: 11px !important;\r\n      color: rgb(160, 160, 168) !important;\r\n      letter-spacing: 0.04em !important;\r\n      flex-wrap: wrap !important;\r\n      line-height: 1.4 !important;\r\n    }\r\n\r\n    #ordox-doc-detail-header-01 .ordox-subnav-link {\r\n      color: inherit !important;\r\n      text-decoration: none !important;\r\n      transition: color 0.18s ease !important;\r\n    }\r\n\r\n    #ordox-doc-detail-header-01 .ordox-subnav-link:hover {\r\n      color: rgb(74, 74, 82) !important;\r\n    }\r\n\r\n    #ordox-doc-detail-header-01 .ordox-subnav-link--upper {\r\n      text-transform: uppercase !important;\r\n    }\r\n\r\n    #ordox-doc-detail-header-01 .ordox-subnav-current {\r\n      color: rgb(17, 17, 17) !important;\r\n      font-weight: 500 !important;\r\n    }\r\n\r\n    @media (max-width: 767px) {\r\n      #ordox-doc-detail-header-01 {\r\n        padding-top: 90px !important;\r\n      }\r\n\r\n      #ordox-doc-detail-header-01 .ordox-container {\r\n        padding: 20px 24px !important;\r\n      }\r\n    }\r\n  <\/style>\r\n\r\n  <div class=\"ordox-container\">\r\n    <div class=\"ordox-main-row\">\r\n      <div class=\"ordox-stack\">\r\n        <nav class=\"ordox-breadcrumb\" aria-label=\"Breadcrumb\">\r\n          <div class=\"ordox-breadcrumb-row\">\r\n            <span class=\"ordox-breadcrumb-item\">\r\n              <a href=\"\/en\/\" class=\"ordox-breadcrumb-link\">Home<\/a>\r\n            <\/span>\r\n\r\n            <span class=\"ordox-breadcrumb-item\">\r\n              <span class=\"ordox-breadcrumb-sep\">\/<\/span>\r\n              <a href=\"\/en\/documents\/\" class=\"ordox-breadcrumb-link\">Documentation<\/a>\r\n            <\/span>\r\n\r\n            <span class=\"ordox-breadcrumb-item\">\r\n              <span class=\"ordox-breadcrumb-sep\">\/<\/span>\r\n              <a href=\"\/en\/test-reports\/\" class=\"ordox-breadcrumb-link\">Test Reports<\/a>\r\n            <\/span>\r\n\r\n            <span class=\"ordox-breadcrumb-item\">\r\n              <span class=\"ordox-breadcrumb-sep\">\/<\/span>\r\n              <span class=\"ordox-breadcrumb-current\" aria-current=\"page\">LVD<\/span>\r\n            <\/span>\r\n          <\/div>\r\n\r\n          <div class=\"ordox-breadcrumb-line\"><\/div>\r\n        <\/nav>\r\n\r\n        <a href=\"javascript:history.back()\" class=\"ordox-back-btn\" aria-label=\"Back\">\r\n          <span class=\"ordox-back-icon\">\r\n            <svg xmlns=\"http:\/\/www.w3.org\/2000\/svg\" width=\"13\" height=\"13\" viewbox=\"0 0 24 24\" fill=\"none\" stroke=\"currentColor\" stroke-width=\"1.5\" stroke-linecap=\"round\" stroke-linejoin=\"round\">\r\n              <path d=\"m12 19-7-7 7-7\"><\/path>\r\n              <path d=\"M19 12H5\"><\/path>\r\n            <\/svg>\r\n          <\/span>\r\n          <span class=\"ordox-back-text\">Back<\/span>\r\n        <\/a>\r\n\r\n        <div class=\"ordox-subnav\">\r\n          <a href=\"\/en\/documents\/\" class=\"ordox-subnav-link\">DOCUMENTS<\/a>\r\n          <svg xmlns=\"http:\/\/www.w3.org\/2000\/svg\" width=\"10\" height=\"10\" viewbox=\"0 0 24 24\" fill=\"none\" stroke=\"currentColor\" stroke-width=\"2\" stroke-linecap=\"round\" stroke-linejoin=\"round\">\r\n            <path d=\"m9 18 6-6-6-6\"><\/path>\r\n          <\/svg>\r\n          <a href=\"\/en\/test-reports\/\" class=\"ordox-subnav-link ordox-subnav-link--upper\">Test Reports<\/a>\r\n          <svg xmlns=\"http:\/\/www.w3.org\/2000\/svg\" width=\"10\" height=\"10\" viewbox=\"0 0 24 24\" fill=\"none\" stroke=\"currentColor\" stroke-width=\"2\" stroke-linecap=\"round\" stroke-linejoin=\"round\">\r\n            <path d=\"m9 18 6-6-6-6\"><\/path>\r\n          <\/svg>\r\n          <span class=\"ordox-subnav-current\">LVD<\/span>\r\n        <\/div>\r\n      <\/div>\r\n    <\/div>\r\n  <\/div>\r\n<\/div>\n\t\t<\/div>\n\t<\/div>\n<\/div><\/div><\/div><\/div><div class=\"vc_row-full-width vc_clearfix\"><\/div><div data-vc-full-width=\"true\" data-vc-full-width-temp=\"true\" data-vc-full-width-init=\"false\" data-vc-stretch-content=\"true\" class=\"vc_row wpb_row vc_row-fluid vc_custom_1774208057387 vc_row-has-fill vc_row-no-padding wd-rs-69c0443385945\"><div class=\"wpb_column vc_column_container vc_col-sm-12\"><div class=\"vc_column-inner\"><div class=\"wpb_wrapper\">\n\t<div class=\"wpb_raw_code wpb_raw_html wpb_content_element\" >\n\t\t<div class=\"wpb_wrapper\">\n\t\t\t<div id=\"ordox-doc-detail-content-08\" style=\"max-width: 1200px !important; margin: 0 auto !important; padding: 0 10px !important; box-sizing: border-box !important;\">\r\n  <style>\r\n    #ordox-doc-detail-content-08 .ordox-grid {\r\n      display: grid !important;\r\n      grid-template-columns: 1fr 360px !important;\r\n      gap: 80px !important;\r\n    }\r\n\r\n    #ordox-doc-detail-content-08 .ordox-label-row {\r\n      display: flex !important;\r\n      align-items: center !important;\r\n      gap: 12px !important;\r\n      margin-bottom: 24px !important;\r\n    }\r\n\r\n    #ordox-doc-detail-content-08 .ordox-label-line {\r\n      width: 16px !important;\r\n      height: 1px !important;\r\n      background: rgb(255, 210, 0) !important;\r\n      flex-shrink: 0 !important;\r\n    }\r\n\r\n    #ordox-doc-detail-content-08 .ordox-label-text {\r\n      font-size: 10px !important;\r\n      font-weight: 600 !important;\r\n      color: rgb(160, 160, 168) !important;\r\n      letter-spacing: 0.12em !important;\r\n      text-transform: uppercase !important;\r\n      line-height: 1.2 !important;\r\n    }\r\n\r\n    #ordox-doc-detail-content-08 .ordox-title {\r\n      font-size: 42px !important;\r\n      font-weight: 300 !important;\r\n      color: rgb(17, 17, 17) !important;\r\n      margin: 0 0 32px 0 !important;\r\n      letter-spacing: -0.02em !important;\r\n      line-height: 1.1 !important;\r\n    }\r\n\r\n    #ordox-doc-detail-content-08 .ordox-text-stack {\r\n      display: flex !important;\r\n      flex-direction: column !important;\r\n      gap: 32px !important;\r\n      margin-bottom: 48px !important;\r\n    }\r\n\r\n    #ordox-doc-detail-content-08 .ordox-text {\r\n      font-size: 15px !important;\r\n      color: rgb(74, 74, 82) !important;\r\n      line-height: 1.8 !important;\r\n      margin: 0 !important;\r\n      font-weight: 400 !important;\r\n    }\r\n\r\n    #ordox-doc-detail-content-08 .ordox-meta-grid {\r\n      display: grid !important;\r\n      grid-template-columns: 1fr 1fr !important;\r\n      gap: 40px !important;\r\n    }\r\n\r\n    #ordox-doc-detail-content-08 .ordox-meta-card {\r\n      border-left: 1px solid rgb(240, 240, 244) !important;\r\n      padding-left: 20px !important;\r\n      box-sizing: border-box !important;\r\n    }\r\n\r\n    #ordox-doc-detail-content-08 .ordox-meta-head {\r\n      display: flex !important;\r\n      align-items: center !important;\r\n      gap: 8px !important;\r\n      margin-bottom: 8px !important;\r\n      color: rgb(110, 110, 115) !important;\r\n    }\r\n\r\n    #ordox-doc-detail-content-08 .ordox-meta-label {\r\n      font-size: 10px !important;\r\n      font-weight: 600 !important;\r\n      letter-spacing: 0.08em !important;\r\n      text-transform: uppercase !important;\r\n      line-height: 1.2 !important;\r\n    }\r\n\r\n    #ordox-doc-detail-content-08 .ordox-meta-value {\r\n      font-size: 14px !important;\r\n      color: rgb(17, 17, 17) !important;\r\n      font-weight: 500 !important;\r\n      line-height: 1.4 !important;\r\n    }\r\n\r\n    #ordox-doc-detail-content-08 .ordox-actions {\r\n      display: flex !important;\r\n      gap: 16px !important;\r\n      flex-wrap: wrap !important;\r\n    }\r\n\r\n    #ordox-doc-detail-content-08 .ordox-btn-primary {\r\n      height: 48px !important;\r\n      padding: 0 32px !important;\r\n      background-color: transparent !important;\r\n      border: 1px solid rgb(17, 17, 17) !important;\r\n      color: rgb(17, 17, 17) !important;\r\n      font-size: 13px !important;\r\n      font-weight: 500 !important;\r\n      letter-spacing: 0.04em !important;\r\n      display: inline-flex !important;\r\n      align-items: center !important;\r\n      gap: 12px !important;\r\n      cursor: pointer !important;\r\n      transition: all 0.2s ease !important;\r\n      text-decoration: none !important;\r\n      box-sizing: border-box !important;\r\n      white-space: nowrap !important;\r\n    }\r\n\r\n    #ordox-doc-detail-content-08 .ordox-btn-primary:hover {\r\n      background: rgb(17, 17, 17) !important;\r\n      color: rgb(255, 255, 255) !important;\r\n    }\r\n\r\n    #ordox-doc-detail-content-08 .ordox-btn-icon {\r\n      height: 48px !important;\r\n      width: 48px !important;\r\n      border: 1px solid rgb(232, 232, 237) !important;\r\n      background: none !important;\r\n      display: inline-flex !important;\r\n      align-items: center !important;\r\n      justify-content: center !important;\r\n      color: rgb(110, 110, 115) !important;\r\n      cursor: pointer !important;\r\n      transition: border-color 0.15s ease, color 0.15s ease, background 0.15s ease !important;\r\n      text-decoration: none !important;\r\n      box-sizing: border-box !important;\r\n      flex-shrink: 0 !important;\r\n    }\r\n\r\n    #ordox-doc-detail-content-08 .ordox-btn-icon:hover {\r\n      border-color: rgb(200, 200, 208) !important;\r\n      color: rgb(44, 44, 46) !important;\r\n      background: rgb(250, 250, 252) !important;\r\n    }\r\n\r\n    #ordox-doc-detail-content-08 .ordox-side {\r\n      background-color: rgb(247, 248, 250) !important;\r\n      padding: 40px !important;\r\n      display: flex !important;\r\n      flex-direction: column !important;\r\n      gap: 40px !important;\r\n      box-sizing: border-box !important;\r\n    }\r\n\r\n    #ordox-doc-detail-content-08 .ordox-side-title {\r\n      font-size: 12px !important;\r\n      font-weight: 600 !important;\r\n      color: rgb(17, 17, 17) !important;\r\n      text-transform: uppercase !important;\r\n      letter-spacing: 0.08em !important;\r\n      margin: 0 0 20px 0 !important;\r\n      line-height: 1.2 !important;\r\n    }\r\n\r\n    #ordox-doc-detail-content-08 .ordox-related-list {\r\n      display: flex !important;\r\n      flex-direction: column !important;\r\n      gap: 12px !important;\r\n    }\r\n\r\n    #ordox-doc-detail-content-08 .ordox-related-link {\r\n      font-size: 13px !important;\r\n      color: rgb(110, 110, 115) !important;\r\n      text-decoration: none !important;\r\n      display: flex !important;\r\n      align-items: center !important;\r\n      gap: 10px !important;\r\n      line-height: 1.5 !important;\r\n      transition: color 0.15s ease !important;\r\n    }\r\n\r\n    #ordox-doc-detail-content-08 .ordox-related-link:hover {\r\n      color: rgb(17, 17, 17) !important;\r\n    }\r\n\r\n    #ordox-doc-detail-content-08 .ordox-dot {\r\n      width: 4px !important;\r\n      height: 4px !important;\r\n      border-radius: 50% !important;\r\n      background: rgb(255, 210, 0) !important;\r\n      flex-shrink: 0 !important;\r\n    }\r\n\r\n    #ordox-doc-detail-content-08 .ordox-support-text {\r\n      font-size: 13px !important;\r\n      color: rgb(110, 110, 115) !important;\r\n      line-height: 1.6 !important;\r\n      margin: 0 0 24px 0 !important;\r\n    }\r\n\r\n    #ordox-doc-detail-content-08 .ordox-support-link {\r\n      font-size: 12px !important;\r\n      font-weight: 600 !important;\r\n      color: rgb(17, 17, 17) !important;\r\n      text-transform: uppercase !important;\r\n      text-decoration: none !important;\r\n      letter-spacing: 0.06em !important;\r\n      display: inline-flex !important;\r\n      align-items: center !important;\r\n      gap: 8px !important;\r\n      transition: color 0.15s ease !important;\r\n    }\r\n\r\n    #ordox-doc-detail-content-08 .ordox-support-link:hover {\r\n      color: rgb(74, 74, 82) !important;\r\n    }\r\n\r\n    #ordox-doc-detail-content-08 .ordox-side-footer {\r\n      margin-top: auto !important;\r\n      padding-top: 40px !important;\r\n      border-top: 1px solid rgb(232, 232, 237) !important;\r\n    }\r\n\r\n    #ordox-doc-detail-content-08 .ordox-backhub {\r\n      display: flex !important;\r\n      align-items: center !important;\r\n      gap: 8px !important;\r\n      font-size: 11px !important;\r\n      font-weight: 600 !important;\r\n      color: rgb(160, 160, 168) !important;\r\n      text-transform: uppercase !important;\r\n      text-decoration: none !important;\r\n      letter-spacing: 0.04em !important;\r\n      transition: color 0.15s ease !important;\r\n    }\r\n\r\n    #ordox-doc-detail-content-08 .ordox-backhub:hover {\r\n      color: rgb(74, 74, 82) !important;\r\n    }\r\n\r\n    @media (max-width: 991px) {\r\n      #ordox-doc-detail-content-08 .ordox-grid {\r\n        grid-template-columns: 1fr !important;\r\n        gap: 40px !important;\r\n      }\r\n\r\n      #ordox-doc-detail-content-08 .ordox-side {\r\n        padding: 28px !important;\r\n      }\r\n    }\r\n\r\n    @media (max-width: 767px) {\r\n      #ordox-doc-detail-content-08 {\r\n        padding: 0 24px !important;\r\n      }\r\n\r\n      #ordox-doc-detail-content-08 .ordox-title {\r\n        font-size: 32px !important;\r\n      }\r\n\r\n      #ordox-doc-detail-content-08 .ordox-meta-grid {\r\n        grid-template-columns: 1fr !important;\r\n        gap: 20px !important;\r\n      }\r\n\r\n      #ordox-doc-detail-content-08 .ordox-actions {\r\n        flex-direction: column !important;\r\n        align-items: stretch !important;\r\n      }\r\n\r\n      #ordox-doc-detail-content-08 .ordox-btn-primary {\r\n        justify-content: center !important;\r\n      }\r\n    }\r\n  <\/style>\r\n\r\n  <div class=\"ordox-grid\">\r\n    <div>\r\n      <div class=\"ordox-label-row\">\r\n        <div class=\"ordox-label-line\"><\/div>\r\n        <span class=\"ordox-label-text\">Technical Specification<\/span>\r\n      <\/div>\r\n\r\n      <h1 class=\"ordox-title\">LVD<\/h1>\r\n\r\n      <div class=\"ordox-text-stack\">\r\n        <p class=\"ordox-text\">This document contains official verification and technical details for the specified Test Reports standard. Worimex maintains a strict compliance framework ensuring all components meet or exceed these requirements within our integrated production ecosystem.<\/p>\r\n\r\n        <div class=\"ordox-meta-grid\">\r\n          <div class=\"ordox-meta-card\">\r\n            <div class=\"ordox-meta-head\">\r\n              <svg xmlns=\"http:\/\/www.w3.org\/2000\/svg\" width=\"14\" height=\"14\" viewbox=\"0 0 24 24\" fill=\"none\" stroke=\"currentColor\" stroke-width=\"2\" stroke-linecap=\"round\" stroke-linejoin=\"round\">\r\n                <path d=\"M20 13c0 5-3.5 7.5-7.66 8.95a1 1 0 0 1-.67-.01C7.5 20.5 4 18 4 13V6a1 1 0 0 1 1-1c2 0 4.5-1.2 6.24-2.72a1.17 1.17 0 0 1 1.52 0C14.51 3.81 17 5 19 5a1 1 0 0 1 1 1z\"><\/path>\r\n                <path d=\"m9 12 2 2 4-4\"><\/path>\r\n              <\/svg>\r\n              <span class=\"ordox-meta-label\">Compliance Status<\/span>\r\n            <\/div>\r\n            <div class=\"ordox-meta-value\">Fully Certified \/ Active<\/div>\r\n          <\/div>\r\n\r\n          <div class=\"ordox-meta-card\">\r\n            <div class=\"ordox-meta-head\">\r\n              <svg xmlns=\"http:\/\/www.w3.org\/2000\/svg\" width=\"14\" height=\"14\" viewbox=\"0 0 24 24\" fill=\"none\" stroke=\"currentColor\" stroke-width=\"2\" stroke-linecap=\"round\" stroke-linejoin=\"round\">\r\n                <circle cx=\"12\" cy=\"12\" r=\"10\"><\/circle>\r\n                <polyline points=\"12 6 12 12 16 14\"><\/polyline>\r\n              <\/svg>\r\n              <span class=\"ordox-meta-label\">Last Updated<\/span>\r\n            <\/div>\r\n            <div class=\"ordox-meta-value\">January 15, 2025<\/div>\r\n          <\/div>\r\n        <\/div>\r\n      <\/div>\r\n\r\n      <div class=\"ordox-actions\">\r\n        <a href=\"#\" class=\"ordox-btn-primary\">\r\n          <svg xmlns=\"http:\/\/www.w3.org\/2000\/svg\" width=\"16\" height=\"16\" viewbox=\"0 0 24 24\" fill=\"none\" stroke=\"currentColor\" stroke-width=\"2\" stroke-linecap=\"round\" stroke-linejoin=\"round\">\r\n            <path d=\"M21 15v4a2 2 0 0 1-2 2H5a2 2 0 0 1-2-2v-4\"><\/path>\r\n            <polyline points=\"7 10 12 15 17 10\"><\/polyline>\r\n            <line x1=\"12\" x2=\"12\" y1=\"15\" y2=\"3\"><\/line>\r\n          <\/svg>\r\n          Dok\u00fcman\u0131 \u0130ndir (PDF)\r\n        <\/a>\r\n\r\n        <a href=\"#\" class=\"ordox-btn-icon\" aria-label=\"Payla\u015f\">\r\n          <svg xmlns=\"http:\/\/www.w3.org\/2000\/svg\" width=\"16\" height=\"16\" viewbox=\"0 0 24 24\" fill=\"none\" stroke=\"currentColor\" stroke-width=\"2\" stroke-linecap=\"round\" stroke-linejoin=\"round\">\r\n            <circle cx=\"18\" cy=\"5\" r=\"3\"><\/circle>\r\n            <circle cx=\"6\" cy=\"12\" r=\"3\"><\/circle>\r\n            <circle cx=\"18\" cy=\"19\" r=\"3\"><\/circle>\r\n            <line x1=\"8.59\" x2=\"15.42\" y1=\"13.51\" y2=\"17.49\"><\/line>\r\n            <line x1=\"15.41\" x2=\"8.59\" y1=\"6.51\" y2=\"10.49\"><\/line>\r\n          <\/svg>\r\n        <\/a>\r\n      <\/div>\r\n    <\/div>\r\n\r\n    <div class=\"ordox-side\">\r\n      <div>\r\n        <h3 class=\"ordox-side-title\">Related Documents<\/h3>\r\n\r\n        <div class=\"ordox-related-list\">\r\n          <a href=\"\/en\/documents\/test-reports\/lvd\/\" class=\"ordox-related-link\">\r\n            <div class=\"ordox-dot\"><\/div>\r\n            Quality Policy\r\n          <\/a>\r\n          <a href=\"\/en\/documents\/test-reports\/lvd\/\" class=\"ordox-related-link\">\r\n            <div class=\"ordox-dot\"><\/div>\r\n            Environmental Framework\r\n          <\/a>\r\n          <a href=\"\/en\/documents\/test-reports\/lvd\/\" class=\"ordox-related-link\">\r\n            <div class=\"ordox-dot\"><\/div>\r\n            Safety Protocols\r\n          <\/a>\r\n        <\/div>\r\n      <\/div>\r\n\r\n      <div>\r\n        <h3 class=\"ordox-side-title\">Need Assistance?<\/h3>\r\n        <p class=\"ordox-support-text\">If you require physical copies or specific validation data not listed here, please contact our compliance department.<\/p>\r\n        <a href=\"\/en\/company-profile\/\" class=\"ordox-support-link\">\r\n          Contact Support\r\n          <svg xmlns=\"http:\/\/www.w3.org\/2000\/svg\" width=\"14\" height=\"14\" viewbox=\"0 0 24 24\" fill=\"none\" stroke=\"currentColor\" stroke-width=\"2\" stroke-linecap=\"round\" stroke-linejoin=\"round\">\r\n            <path d=\"m9 18 6-6-6-6\"><\/path>\r\n          <\/svg>\r\n        <\/a>\r\n      <\/div>\r\n\r\n      <div class=\"ordox-side-footer\">\r\n        <a href=\"\/en\/documents\/\" class=\"ordox-backhub\">\r\n          <svg xmlns=\"http:\/\/www.w3.org\/2000\/svg\" width=\"14\" height=\"14\" viewbox=\"0 0 24 24\" fill=\"none\" stroke=\"currentColor\" stroke-width=\"2\" stroke-linecap=\"round\" stroke-linejoin=\"round\">\r\n            <polyline points=\"9 14 4 9 9 4\"><\/polyline>\r\n            <path d=\"M20 20v-7a4 4 0 0 0-4-4H4\"><\/path>\r\n          <\/svg>\r\n          Back to Hub\r\n        <\/a>\r\n      <\/div>\r\n    <\/div>\r\n  <\/div>\r\n<\/div>\n\t\t<\/div>\n\t<\/div>\n<\/div><\/div><\/div><\/div><div class=\"vc_row-full-width vc_clearfix\"><\/div>\n<\/div>","protected":false},"excerpt":{"rendered":"Ana Sayfa \/ Dok\u00fcmantasyon \/ Test Raporlar\u0131 \/ LVD Geri DOCUMENTS Test Reports LVD Technical Specification LVD This document contains","protected":false},"author":1,"featured_media":0,"parent":0,"menu_order":0,"comment_status":"closed","ping_status":"closed","template":"","meta":{"footnotes":""},"class_list":["post-1095","page","type-page","status-publish","hentry"],"_links":{"self":[{"href":"https:\/\/demo.worimex.com\/en\/wp-json\/wp\/v2\/pages\/1095","targetHints":{"allow":["GET"]}}],"collection":[{"href":"https:\/\/demo.worimex.com\/en\/wp-json\/wp\/v2\/pages"}],"about":[{"href":"https:\/\/demo.worimex.com\/en\/wp-json\/wp\/v2\/types\/page"}],"author":[{"embeddable":true,"href":"https:\/\/demo.worimex.com\/en\/wp-json\/wp\/v2\/users\/1"}],"replies":[{"embeddable":true,"href":"https:\/\/demo.worimex.com\/en\/wp-json\/wp\/v2\/comments?post=1095"}],"version-history":[{"count":6,"href":"https:\/\/demo.worimex.com\/en\/wp-json\/wp\/v2\/pages\/1095\/revisions"}],"predecessor-version":[{"id":1121,"href":"https:\/\/demo.worimex.com\/en\/wp-json\/wp\/v2\/pages\/1095\/revisions\/1121"}],"wp:attachment":[{"href":"https:\/\/demo.worimex.com\/en\/wp-json\/wp\/v2\/media?parent=1095"}],"curies":[{"name":"wp","href":"https:\/\/api.w.org\/{rel}","templated":true}]}}