{"id":1034,"date":"2026-03-22T18:27:04","date_gmt":"2026-03-22T18:27:04","guid":{"rendered":"https:\/\/demo.worimex.com\/?page_id=1034"},"modified":"2026-03-22T19:23:41","modified_gmt":"2026-03-22T19:23:41","slug":"documents","status":"publish","type":"page","link":"https:\/\/demo.worimex.com\/en\/documents\/","title":{"rendered":"Documents"},"content":{"rendered":"<div class=\"wpb-content-wrapper\"><div data-vc-full-width=\"true\" data-vc-full-width-temp=\"true\" data-vc-full-width-init=\"false\" data-vc-stretch-content=\"true\" class=\"vc_row wpb_row vc_row-fluid vc_custom_1774204252774 vc_row-has-fill vc_row-no-padding wd-rs-69c03559adfa9\"><div class=\"wpb_column vc_column_container vc_col-sm-12\"><div class=\"vc_column-inner\"><div class=\"wpb_wrapper\">\n\t<div class=\"wpb_raw_code wpb_raw_html wpb_content_element\" >\n\t\t<div class=\"wpb_wrapper\">\n\t\t\t<div id=\"ordox-doc-center-hero-01\" style=\"max-width: 1200px !important; margin: 0 auto !important; padding: 0 10px !important; box-sizing: border-box !important;\">\r\n  <style>\r\n    #ordox-doc-center-hero-01 .ordox-top-wrap {\r\n      margin-bottom: 32px !important;\r\n    }\r\n\r\n    #ordox-doc-center-hero-01 .ordox-top-stack {\r\n      display: flex !important;\r\n      flex-direction: column !important;\r\n      gap: 20px !important;\r\n    }\r\n\r\n    #ordox-doc-center-hero-01 .ordox-breadcrumb {\r\n      display: flex !important;\r\n      flex-direction: column !important;\r\n      gap: 0 !important;\r\n    }\r\n\r\n    #ordox-doc-center-hero-01 .ordox-breadcrumb-row {\r\n      display: flex !important;\r\n      align-items: center !important;\r\n      flex-wrap: wrap !important;\r\n    }\r\n\r\n    #ordox-doc-center-hero-01 .ordox-breadcrumb-item {\r\n      display: inline-flex !important;\r\n      align-items: center !important;\r\n    }\r\n\r\n    #ordox-doc-center-hero-01 .ordox-breadcrumb-link {\r\n      text-decoration: none !important;\r\n      font-size: 10px !important;\r\n      line-height: 1.2 !important;\r\n      font-weight: 500 !important;\r\n      color: rgb(160, 160, 168) !important;\r\n      letter-spacing: 0.14em !important;\r\n      text-transform: uppercase !important;\r\n      white-space: nowrap !important;\r\n      transition: color 0.18s ease !important;\r\n    }\r\n\r\n    #ordox-doc-center-hero-01 .ordox-breadcrumb-link:hover {\r\n      color: rgb(74, 74, 82) !important;\r\n    }\r\n\r\n    #ordox-doc-center-hero-01 .ordox-breadcrumb-sep {\r\n      font-size: 10px !important;\r\n      color: rgb(208, 208, 216) !important;\r\n      user-select: none !important;\r\n      padding: 0 6px !important;\r\n      line-height: 1 !important;\r\n    }\r\n\r\n    #ordox-doc-center-hero-01 .ordox-breadcrumb-current {\r\n      font-size: 10px !important;\r\n      line-height: 1.2 !important;\r\n      font-weight: 500 !important;\r\n      color: rgb(74, 74, 82) !important;\r\n      letter-spacing: 0.14em !important;\r\n      text-transform: uppercase !important;\r\n      white-space: nowrap !important;\r\n    }\r\n\r\n    #ordox-doc-center-hero-01 .ordox-breadcrumb-line {\r\n      height: 1px !important;\r\n      background: rgb(236, 236, 240) !important;\r\n      margin-top: 16px !important;\r\n    }\r\n\r\n    #ordox-doc-center-hero-01 .ordox-back-btn {\r\n      display: inline-flex !important;\r\n      align-items: center !important;\r\n      gap: 6px !important;\r\n      background: none !important;\r\n      border: none !important;\r\n      cursor: pointer !important;\r\n      padding: 0 !important;\r\n      color: rgb(44, 44, 46) !important;\r\n      font-family: inherit !important;\r\n      text-decoration: none !important;\r\n      width: fit-content !important;\r\n    }\r\n\r\n    #ordox-doc-center-hero-01 .ordox-back-icon {\r\n      display: flex !important;\r\n      align-items: center !important;\r\n      transform: translateX(0) !important;\r\n      transition: transform 0.2s ease !important;\r\n      color: rgb(44, 44, 46) !important;\r\n      line-height: 1 !important;\r\n    }\r\n\r\n    #ordox-doc-center-hero-01 .ordox-back-btn:hover .ordox-back-icon {\r\n      transform: translateX(-2px) !important;\r\n    }\r\n\r\n    #ordox-doc-center-hero-01 .ordox-back-text {\r\n      font-size: 12px !important;\r\n      font-weight: 400 !important;\r\n      letter-spacing: 0.01em !important;\r\n      line-height: 1 !important;\r\n      position: relative !important;\r\n      color: rgb(44, 44, 46) !important;\r\n    }\r\n\r\n    #ordox-doc-center-hero-01 .ordox-back-text::after {\r\n      content: \"\" !important;\r\n      position: absolute !important;\r\n      bottom: -1px !important;\r\n      left: 0 !important;\r\n      width: 0 !important;\r\n      height: 1px !important;\r\n      background: rgb(44, 44, 46) !important;\r\n      transition: width 0.2s ease !important;\r\n    }\r\n\r\n    #ordox-doc-center-hero-01 .ordox-back-btn:hover .ordox-back-text::after {\r\n      width: 100% !important;\r\n    }\r\n\r\n    #ordox-doc-center-hero-01 .ordox-label-row {\r\n      display: flex !important;\r\n      align-items: center !important;\r\n      gap: 12px !important;\r\n      margin-bottom: 20px !important;\r\n    }\r\n\r\n    #ordox-doc-center-hero-01 .ordox-label-line {\r\n      width: 24px !important;\r\n      height: 1px !important;\r\n      background: rgb(255, 210, 0) !important;\r\n      flex-shrink: 0 !important;\r\n    }\r\n\r\n    #ordox-doc-center-hero-01 .ordox-label-text {\r\n      font-size: 10px !important;\r\n      font-weight: 600 !important;\r\n      color: rgb(160, 160, 168) !important;\r\n      letter-spacing: 0.14em !important;\r\n      text-transform: uppercase !important;\r\n      line-height: 1.2 !important;\r\n    }\r\n\r\n    #ordox-doc-center-hero-01 .ordox-title {\r\n      font-size: 48px !important;\r\n      font-weight: 300 !important;\r\n      color: rgb(17, 17, 17) !important;\r\n      letter-spacing: -0.03em !important;\r\n      margin: 0 0 20px 0 !important;\r\n      line-height: 1.1 !important;\r\n    }\r\n\r\n    #ordox-doc-center-hero-01 .ordox-text {\r\n      font-size: 16px !important;\r\n      color: rgb(110, 110, 115) !important;\r\n      max-width: 560px !important;\r\n      line-height: 1.6 !important;\r\n      letter-spacing: 0.01em !important;\r\n      margin: 0 !important;\r\n      font-weight: 400 !important;\r\n    }\r\n\r\n    @media (max-width: 767px) {\r\n      #ordox-doc-center-hero-01 {\r\n        padding: 0 24px !important;\r\n      }\r\n\r\n      #ordox-doc-center-hero-01 .ordox-title {\r\n        font-size: 34px !important;\r\n      }\r\n\r\n      #ordox-doc-center-hero-01 .ordox-text {\r\n        font-size: 15px !important;\r\n      }\r\n    }\r\n  <\/style>\r\n\r\n  <div class=\"ordox-top-wrap\">\r\n    <div class=\"ordox-top-stack\">\r\n      <nav class=\"ordox-breadcrumb\" aria-label=\"Breadcrumb\">\r\n        <div class=\"ordox-breadcrumb-row\">\r\n          <span class=\"ordox-breadcrumb-item\">\r\n            <a href=\"\/en\/\" class=\"ordox-breadcrumb-link\">Home<\/a>\r\n          <\/span>\r\n          <span class=\"ordox-breadcrumb-item\">\r\n            <span class=\"ordox-breadcrumb-sep\">\/<\/span>\r\n            <span class=\"ordox-breadcrumb-current\" aria-current=\"page\">Documentation<\/span>\r\n          <\/span>\r\n        <\/div>\r\n        <div class=\"ordox-breadcrumb-line\"><\/div>\r\n      <\/nav>\r\n\r\n      <a href=\"javascript:history.back()\" class=\"ordox-back-btn\" aria-label=\"Back\">\r\n        <span class=\"ordox-back-icon\">\r\n          <svg xmlns=\"http:\/\/www.w3.org\/2000\/svg\" width=\"13\" height=\"13\" viewbox=\"0 0 24 24\" fill=\"none\" stroke=\"currentColor\" stroke-width=\"1.5\" stroke-linecap=\"round\" stroke-linejoin=\"round\">\r\n            <path d=\"m12 19-7-7 7-7\"><\/path>\r\n            <path d=\"M19 12H5\"><\/path>\r\n          <\/svg>\r\n        <\/span>\r\n        <span class=\"ordox-back-text\">Back<\/span>\r\n      <\/a>\r\n    <\/div>\r\n  <\/div>\r\n\r\n  <div class=\"ordox-label-row\">\r\n    <div class=\"ordox-label-line\"><\/div>\r\n    <span class=\"ordox-label-text\">Resource Library<\/span>\r\n  <\/div>\r\n\r\n  <h1 class=\"ordox-title\">Dok\u00fcmantasyon ve Uygunluk Merkezi<\/h1>\r\n\r\n  <p class=\"ordox-text\">Sertifikalara, raporlara ve kurumsal materyallere merkezi eri\u015fim.<\/p>\r\n<\/div>\n\t\t<\/div>\n\t<\/div>\n<\/div><\/div><\/div><\/div><div class=\"vc_row-full-width vc_clearfix\"><\/div><div class=\"vc_row wpb_row vc_row-fluid\"><div class=\"wpb_column vc_column_container vc_col-sm-12\"><div class=\"vc_column-inner\"><div class=\"wpb_wrapper\">\n\t<div class=\"wpb_raw_code wpb_raw_html wpb_content_element\" >\n\t\t<div class=\"wpb_wrapper\">\n\t\t\t<div id=\"ordox-doc-center-categories-01\" style=\"max-width: 1200px !important; margin: 0 auto !important; padding: 0 10px !important; box-sizing: border-box !important;\">\r\n  <style>\r\n    #ordox-doc-center-categories-01 .ordox-grid {\r\n      display: grid !important;\r\n      grid-template-columns: repeat(4, 1fr) !important;\r\n      gap: 40px !important;\r\n      border-top: 1px solid rgb(240, 240, 244) !important;\r\n    }\r\n\r\n    #ordox-doc-center-categories-01 .ordox-card {\r\n      padding: 40px 0 !important;\r\n      display: flex !important;\r\n      flex-direction: column !important;\r\n      height: 100% !important;\r\n      box-sizing: border-box !important;\r\n    }\r\n\r\n    #ordox-doc-center-categories-01 .ordox-top-line {\r\n      margin-bottom: 12px !important;\r\n      height: 2px !important;\r\n      background: transparent !important;\r\n      width: 24px !important;\r\n      transition: background 0.2s ease !important;\r\n    }\r\n\r\n    #ordox-doc-center-categories-01 .ordox-card:hover .ordox-top-line {\r\n      background: rgb(255, 210, 0) !important;\r\n    }\r\n\r\n    #ordox-doc-center-categories-01 .ordox-title {\r\n      font-size: 18px !important;\r\n      line-height: 1.3 !important;\r\n      font-weight: 400 !important;\r\n      color: rgb(17, 17, 17) !important;\r\n      margin: 0 0 16px 0 !important;\r\n      letter-spacing: -0.01em !important;\r\n    }\r\n\r\n    #ordox-doc-center-categories-01 .ordox-text {\r\n      font-size: 13px !important;\r\n      color: rgb(110, 110, 115) !important;\r\n      line-height: 1.7 !important;\r\n      margin: 0 0 24px 0 !important;\r\n      letter-spacing: 0.01em !important;\r\n      max-width: 90% !important;\r\n      font-weight: 400 !important;\r\n    }\r\n\r\n    #ordox-doc-center-categories-01 .ordox-list {\r\n      display: flex !important;\r\n      flex-direction: column !important;\r\n      gap: 8px !important;\r\n      margin-bottom: 32px !important;\r\n      flex: 1 1 0% !important;\r\n    }\r\n\r\n    #ordox-doc-center-categories-01 .ordox-list-item {\r\n      font-size: 12px !important;\r\n      color: rgb(158, 158, 166) !important;\r\n      letter-spacing: 0.02em !important;\r\n      display: flex !important;\r\n      align-items: center !important;\r\n      gap: 8px !important;\r\n      line-height: 1.4 !important;\r\n    }\r\n\r\n    #ordox-doc-center-categories-01 .ordox-list-dash {\r\n      width: 4px !important;\r\n      height: 1px !important;\r\n      background: rgb(232, 232, 237) !important;\r\n      flex-shrink: 0 !important;\r\n    }\r\n\r\n    #ordox-doc-center-categories-01 .ordox-divider {\r\n      height: 1px !important;\r\n      background: rgb(240, 240, 244) !important;\r\n      margin-bottom: 20px !important;\r\n    }\r\n\r\n    #ordox-doc-center-categories-01 .ordox-link {\r\n      font-size: 12px !important;\r\n      font-weight: 600 !important;\r\n      color: rgb(160, 160, 168) !important;\r\n      text-transform: uppercase !important;\r\n      text-decoration: none !important;\r\n      letter-spacing: 0.08em !important;\r\n      display: inline-flex !important;\r\n      align-items: center !important;\r\n      gap: 6px !important;\r\n      transition: color 0.15s ease !important;\r\n      width: fit-content !important;\r\n    }\r\n\r\n    #ordox-doc-center-categories-01 .ordox-link:hover {\r\n      color: rgb(44, 44, 46) !important;\r\n    }\r\n\r\n    @media (max-width: 1199px) {\r\n      #ordox-doc-center-categories-01 .ordox-grid {\r\n        grid-template-columns: repeat(2, 1fr) !important;\r\n      }\r\n    }\r\n\r\n    @media (max-width: 767px) {\r\n      #ordox-doc-center-categories-01 {\r\n        padding: 0 24px !important;\r\n      }\r\n\r\n      #ordox-doc-center-categories-01 .ordox-grid {\r\n        grid-template-columns: 1fr !important;\r\n        gap: 0 !important;\r\n      }\r\n\r\n      #ordox-doc-center-categories-01 .ordox-card {\r\n        padding: 32px 0 !important;\r\n      }\r\n    }\r\n  <\/style>\r\n\r\n  <div class=\"ordox-grid\">\r\n    <div class=\"ordox-card\">\r\n      <div class=\"ordox-top-line\"><\/div>\r\n      <h3 class=\"ordox-title\">Corporate<\/h3>\r\n      <p class=\"ordox-text\">Organizasyonel standartlar, \u00e7evre uyumlulu\u011fu ve i\u015f g\u00fcvenli\u011fi belgeleri.<\/p>\r\n\r\n      <div class=\"ordox-list\">\r\n        <div class=\"ordox-list-item\"><div class=\"ordox-list-dash\"><\/div>ISO 9001<\/div>\r\n        <div class=\"ordox-list-item\"><div class=\"ordox-list-dash\"><\/div>ISO 14001<\/div>\r\n        <div class=\"ordox-list-item\"><div class=\"ordox-list-dash\"><\/div>ISO 45001<\/div>\r\n      <\/div>\r\n\r\n      <div class=\"ordox-divider\"><\/div>\r\n\r\n      <a href=\"\/en\/corporate\/\" class=\"ordox-link\">\r\n        T\u00fcm\u00fcn\u00fc G\u00f6r\u00fcnt\u00fcle\r\n        <svg width=\"10\" height=\"10\" viewbox=\"0 0 10 10\" fill=\"none\">\r\n          <path d=\"M1 5H9M9 5L6 2M9 5L6 8\" stroke=\"currentColor\" stroke-width=\"1.2\" stroke-linecap=\"round\" stroke-linejoin=\"round\"><\/path>\r\n        <\/svg>\r\n      <\/a>\r\n    <\/div>\r\n\r\n    <div class=\"ordox-card\">\r\n      <div class=\"ordox-top-line\"><\/div>\r\n      <h3 class=\"ordox-title\">Certificates<\/h3>\r\n      <p class=\"ordox-text\">\u00dcr\u00fcn uygunluk de\u011ferlendirmeleri ve k\u00fcresel pazarlar i\u00e7in teknik sertifikalar.<\/p>\r\n\r\n      <div class=\"ordox-list\">\r\n        <div class=\"ordox-list-item\"><div class=\"ordox-list-dash\"><\/div>CE<\/div>\r\n        <div class=\"ordox-list-item\"><div class=\"ordox-list-dash\"><\/div>TSE<\/div>\r\n      <\/div>\r\n\r\n      <div class=\"ordox-divider\"><\/div>\r\n\r\n      <a href=\"\/en\/certificate\/\" class=\"ordox-link\">\r\n        T\u00fcm\u00fcn\u00fc G\u00f6r\u00fcnt\u00fcle\r\n        <svg width=\"10\" height=\"10\" viewbox=\"0 0 10 10\" fill=\"none\">\r\n          <path d=\"M1 5H9M9 5L6 2M9 5L6 8\" stroke=\"currentColor\" stroke-width=\"1.2\" stroke-linecap=\"round\" stroke-linejoin=\"round\"><\/path>\r\n        <\/svg>\r\n      <\/a>\r\n    <\/div>\r\n\r\n    <div class=\"ordox-card\">\r\n      <div class=\"ordox-top-line\"><\/div>\r\n      <h3 class=\"ordox-title\">Test Reports<\/h3>\r\n      <p class=\"ordox-text\">Direktif uyumlulu\u011fu, elektromanyetik uyumluluk ve g\u00fcvenlik do\u011frulama verileri.<\/p>\r\n\r\n      <div class=\"ordox-list\">\r\n        <div class=\"ordox-list-item\"><div class=\"ordox-list-dash\"><\/div>LVD<\/div>\r\n        <div class=\"ordox-list-item\"><div class=\"ordox-list-dash\"><\/div>EMC<\/div>\r\n        <div class=\"ordox-list-item\"><div class=\"ordox-list-dash\"><\/div>MD<\/div>\r\n      <\/div>\r\n\r\n      <div class=\"ordox-divider\"><\/div>\r\n\r\n      <a href=\"\/en\/test-reports\/\" class=\"ordox-link\">\r\n        T\u00fcm\u00fcn\u00fc G\u00f6r\u00fcnt\u00fcle\r\n        <svg width=\"10\" height=\"10\" viewbox=\"0 0 10 10\" fill=\"none\">\r\n          <path d=\"M1 5H9M9 5L6 2M9 5L6 8\" stroke=\"currentColor\" stroke-width=\"1.2\" stroke-linecap=\"round\" stroke-linejoin=\"round\"><\/path>\r\n        <\/svg>\r\n      <\/a>\r\n    <\/div>\r\n\r\n    <div class=\"ordox-card\">\r\n      <div class=\"ordox-top-line\"><\/div>\r\n      <h3 class=\"ordox-title\">Pazarlama<\/h3>\r\n      <p class=\"ordox-text\">Grup sunumlar\u0131, \u00fcr\u00fcn kataloglar\u0131 ve OEM platform dok\u00fcmantasyonu.<\/p>\r\n\r\n      <div class=\"ordox-list\">\r\n        <div class=\"ordox-list-item\"><div class=\"ordox-list-dash\"><\/div>Yurt \u0130\u00e7i Sunum<\/div>\r\n        <div class=\"ordox-list-item\"><div class=\"ordox-list-dash\"><\/div>OEM Sunumu<\/div>\r\n        <div class=\"ordox-list-item\"><div class=\"ordox-list-dash\"><\/div>Yurt \u0130\u00e7i Katalog<\/div>\r\n      <\/div>\r\n\r\n      <div class=\"ordox-divider\"><\/div>\r\n\r\n      <a href=\"\/en\/marketing\/\" class=\"ordox-link\">\r\n        T\u00fcm\u00fcn\u00fc G\u00f6r\u00fcnt\u00fcle\r\n        <svg width=\"10\" height=\"10\" viewbox=\"0 0 10 10\" fill=\"none\">\r\n          <path d=\"M1 5H9M9 5L6 2M9 5L6 8\" stroke=\"currentColor\" stroke-width=\"1.2\" stroke-linecap=\"round\" stroke-linejoin=\"round\"><\/path>\r\n        <\/svg>\r\n      <\/a>\r\n    <\/div>\r\n  <\/div>\r\n<\/div>\n\t\t<\/div>\n\t<\/div>\n<\/div><\/div><\/div><\/div>\n<\/div>","protected":false},"excerpt":{"rendered":"Ana Sayfa \/ Dok\u00fcmantasyon Geri Resource Library Dok\u00fcmantasyon ve Uygunluk Merkezi Sertifikalara, raporlara ve kurumsal materyallere merkezi eri\u015fim. Kurumsal Organizasyonel","protected":false},"author":1,"featured_media":0,"parent":0,"menu_order":0,"comment_status":"closed","ping_status":"closed","template":"","meta":{"footnotes":""},"class_list":["post-1034","page","type-page","status-publish","hentry"],"_links":{"self":[{"href":"https:\/\/demo.worimex.com\/en\/wp-json\/wp\/v2\/pages\/1034","targetHints":{"allow":["GET"]}}],"collection":[{"href":"https:\/\/demo.worimex.com\/en\/wp-json\/wp\/v2\/pages"}],"about":[{"href":"https:\/\/demo.worimex.com\/en\/wp-json\/wp\/v2\/types\/page"}],"author":[{"embeddable":true,"href":"https:\/\/demo.worimex.com\/en\/wp-json\/wp\/v2\/users\/1"}],"replies":[{"embeddable":true,"href":"https:\/\/demo.worimex.com\/en\/wp-json\/wp\/v2\/comments?post=1034"}],"version-history":[{"count":9,"href":"https:\/\/demo.worimex.com\/en\/wp-json\/wp\/v2\/pages\/1034\/revisions"}],"predecessor-version":[{"id":1064,"href":"https:\/\/demo.worimex.com\/en\/wp-json\/wp\/v2\/pages\/1034\/revisions\/1064"}],"wp:attachment":[{"href":"https:\/\/demo.worimex.com\/en\/wp-json\/wp\/v2\/media?parent=1034"}],"curies":[{"name":"wp","href":"https:\/\/api.w.org\/{rel}","templated":true}]}}